{"id":529,"date":"2026-03-16T12:09:38","date_gmt":"2026-03-16T17:09:38","guid":{"rendered":"https:\/\/franciscoordonez.net\/?page_id=529"},"modified":"2026-03-16T12:43:43","modified_gmt":"2026-03-16T17:43:43","slug":"bien-de-sal","status":"publish","type":"page","link":"https:\/\/franciscoordonez.net\/index.php\/bien-de-sal\/","title":{"rendered":"Bien de sal"},"content":{"rendered":"\n<div class=\"wp-block-group alignfull\"><div class=\"wp-block-group__inner-container is-layout-constrained wp-block-group-is-layout-constrained\">\n<div class=\"wp-block-cover alignfull is-light\" style=\"min-height:545px;aspect-ratio:unset;\"><video class=\"wp-block-cover__video-background intrinsic-ignore\" autoplay muted loop playsinline src=\"https:\/\/franciscoordonez.net\/wp-content\/uploads\/2026\/03\/Trailer-Bien-De-Sal.mp4\" poster=\"https:\/\/franciscoordonez.net\/wp-content\/uploads\/2026\/03\/fecIIanimacion-720.mp4\" data-object-fit=\"cover\"><\/video><span aria-hidden=\"true\" class=\"wp-block-cover__background has-background-dim\" style=\"background-color:#000000\"><\/span><div class=\"wp-block-cover__inner-container is-layout-flow wp-block-cover-is-layout-flow\">\n<h2 class=\"wp-block-heading alignwide has-white-color has-text-color\" style=\"font-size:48px;line-height:1.2\">\u00abBien de sal\u00bb<\/h2>\n\n\n\n<h2 class=\"wp-block-heading has-theme-palette-10-color has-text-color has-link-color wp-elements-2ce7d4d0b9eb397e38b7ddb1fbe94ee8\">Cortometraje<\/h2>\n\n\n\n<div class=\"wp-block-columns alignwide is-layout-flex wp-container-core-columns-is-layout-9d6595d7 wp-block-columns-is-layout-flex\">\n<div class=\"wp-block-column is-layout-flow wp-block-column-is-layout-flow\" style=\"flex-basis:60%\">\n<p class=\"has-text-color\" style=\"color:#ffffff\">Cortometraje que explora la nostalgia y la memoria familiar a trav\u00e9s de la fanesca, s\u00edmbolo de tradici\u00f3n y encuentro en la cultura ecuatoriana.<\/p>\n<\/div>\n\n\n\n<div class=\"wp-block-column is-layout-flow wp-block-column-is-layout-flow\"><\/div>\n<\/div>\n<\/div><\/div>\n<\/div><\/div>\n\n\n\n<div class=\"wp-block-columns has-theme-palette-1-color has-text-color has-link-color wp-elements-fe4130ae81e91f11a361569a0d64f351 is-layout-flex wp-container-core-columns-is-layout-481dce7e wp-block-columns-is-layout-flex\" style=\"border-style:none;border-width:0px;border-top-left-radius:0px;border-top-right-radius:0px;border-bottom-left-radius:0px;border-bottom-right-radius:0px;margin-top:0;margin-bottom:0;padding-top:var(--wp--preset--spacing--60);padding-right:0;padding-bottom:var(--wp--preset--spacing--60);padding-left:0\">\n<div class=\"wp-block-column has-theme-palette-1-color has-text-color has-link-color wp-elements-65223d565ad3ad4dae0b8ebe7fb620a6 is-layout-flow wp-block-column-is-layout-flow\">\n<figure class=\"wp-block-embed is-type-video is-provider-youtube wp-block-embed-youtube wp-embed-aspect-16-9 wp-has-aspect-ratio\"><div class=\"wp-block-embed__wrapper\">\n<iframe title=\"Bien de sal\" width=\"720\" height=\"405\" src=\"https:\/\/www.youtube.com\/embed\/9-sg0h5MhlQ?feature=oembed\" frameborder=\"0\" allow=\"accelerometer; autoplay; clipboard-write; encrypted-media; gyroscope; picture-in-picture; web-share\" referrerpolicy=\"strict-origin-when-cross-origin\" allowfullscreen><\/iframe>\n<\/div><\/figure>\n<\/div>\n<\/div>\n\n\n\n<div class=\"wp-block-columns are-vertically-aligned-center is-layout-flex wp-container-core-columns-is-layout-ed5226f6 wp-block-columns-is-layout-flex\" style=\"padding-right:0;padding-left:0\">\n<div class=\"wp-block-column is-vertically-aligned-center is-layout-flow wp-block-column-is-layout-flow\"><div class=\"wp-block-image\">\n<figure class=\"aligncenter size-full is-resized\"><img decoding=\"async\" width=\"671\" height=\"881\" src=\"https:\/\/franciscoordonez.net\/wp-content\/uploads\/2026\/03\/Poster-Bien-de-Sal.png\" alt=\"\" class=\"wp-image-531\" style=\"aspect-ratio:0.761653250916807;width:298px;height:auto\" srcset=\"https:\/\/franciscoordonez.net\/wp-content\/uploads\/2026\/03\/Poster-Bien-de-Sal.png 671w, https:\/\/franciscoordonez.net\/wp-content\/uploads\/2026\/03\/Poster-Bien-de-Sal-228x300.png 228w\" sizes=\"(max-width: 671px) 100vw, 671px\" \/><\/figure>\n<\/div><\/div>\n\n\n\n<div class=\"wp-block-column is-vertically-aligned-center is-layout-flow wp-block-column-is-layout-flow\">\n<h2 class=\"wp-block-heading\">Sinopsis<\/h2>\n\n\n\n<p>\u00abBien de sal\u00bb es un cortometraje que habla de la nostalgia y la fanesca como un elemento significativo en la cultura familiar del Ecuador, presenta la historia de un joven que rememora el cari\u00f1o de su abuela.\u00a0<\/p>\n\n\n\n<div class=\"wp-block-buttons is-layout-flex wp-block-buttons-is-layout-flex\">\n<div class=\"wp-block-button\"><a class=\"wp-block-button__link wp-element-button\" href=\"https:\/\/www.youtube.com\/watch?v=sri4iIZcEsc\" target=\"_blank\" rel=\"noreferrer noopener\">Ver tr\u00e1iler<\/a><\/div>\n<\/div>\n<\/div>\n<\/div>\n\n\n\n<hr class=\"wp-block-separator has-css-opacity is-style-wide\" style=\"margin-top:var(--wp--preset--spacing--40);margin-bottom:var(--wp--preset--spacing--40)\"\/>\n\n\n\n<div class=\"wp-block-group\"><div class=\"wp-block-group__inner-container is-layout-constrained wp-block-group-is-layout-constrained\">\n<div class=\"wp-block-columns is-layout-flex wp-container-core-columns-is-layout-481dce7e wp-block-columns-is-layout-flex\" style=\"border-style:none;border-width:0px;border-top-left-radius:0px;border-top-right-radius:0px;border-bottom-left-radius:0px;border-bottom-right-radius:0px;margin-top:0;margin-bottom:0;padding-top:var(--wp--preset--spacing--60);padding-right:0;padding-bottom:var(--wp--preset--spacing--60);padding-left:0\">\n<div class=\"wp-block-column has-theme-palette-2-color has-text-color has-link-color wp-elements-9880851354bd53d42fb4dfda11952201 is-layout-flow wp-block-column-is-layout-flow\">\n<h1 class=\"wp-block-heading has-text-align-center has-theme-palette-1-color has-text-color has-link-color has-larger-font-size wp-elements-3deaef7e8bcd49d447714f2c81afe6ab\">Rol en el proyecto<\/h1>\n<\/div>\n<\/div>\n\n\n\n<div class=\"wp-block-columns has-theme-palette-1-color has-text-color has-link-color wp-elements-b48c98d7b887f5619808146197ae136b is-layout-flex wp-container-core-columns-is-layout-481dce7e wp-block-columns-is-layout-flex\" style=\"border-style:none;border-width:0px;border-top-left-radius:0px;border-top-right-radius:0px;border-bottom-left-radius:0px;border-bottom-right-radius:0px;margin-top:0;margin-bottom:0;padding-top:var(--wp--preset--spacing--60);padding-right:0;padding-bottom:var(--wp--preset--spacing--60);padding-left:0\">\n<div class=\"wp-block-column has-theme-palette-1-color has-text-color has-link-color wp-elements-586dd3231b2862ea4afd7cbefa2a7982 is-layout-flow wp-block-column-is-layout-flow\">\n<span class=\"material-symbols-outlined\">\ncamera\n<\/span>\n\n\n\n<h3 class=\"wp-block-heading has-text-align-center\">Direcci\u00f3n de fotograf\u00eda<\/h3>\n\n\n\n<p class=\"has-text-align-center\">Direcci\u00f3n visual del cortometraje, definici\u00f3n de encuadres, iluminaci\u00f3n y atm\u00f3sfera est\u00e9tica de cada escena.<\/p>\n<\/div>\n\n\n\n<div class=\"wp-block-column has-theme-palette-1-color has-text-color has-link-color wp-elements-519a3c4f5522b8d31d30bfc922632459 is-layout-flow wp-block-column-is-layout-flow\">\n<span class=\"material-symbols-outlined\">graphic_eq<\/span>\n\n\n\n<h3 class=\"wp-block-heading has-text-align-center\">Sonorizaci\u00f3n<\/h3>\n\n\n\n<p class=\"has-text-align-center\">Dise\u00f1o y edici\u00f3n sonora para reforzar el ritmo narrativo y la atm\u00f3sfera del cortometraje.<\/p>\n<\/div>\n<\/div>\n<\/div><\/div>\n\n\n\n<hr class=\"wp-block-separator has-css-opacity is-style-wide\" style=\"margin-top:var(--wp--preset--spacing--70);margin-bottom:var(--wp--preset--spacing--70)\"\/>\n\n\n\n<div class=\"wp-block-columns has-theme-palette-1-color has-text-color has-link-color wp-elements-c8df5594379b8667972e2ca03befb9f4 is-layout-flex wp-container-core-columns-is-layout-481dce7e wp-block-columns-is-layout-flex\" style=\"border-style:none;border-width:0px;border-top-left-radius:0px;border-top-right-radius:0px;border-bottom-left-radius:0px;border-bottom-right-radius:0px;margin-top:0;margin-bottom:0;padding-top:var(--wp--preset--spacing--60);padding-right:0;padding-bottom:var(--wp--preset--spacing--60);padding-left:0\">\n<div class=\"wp-block-column has-theme-palette-1-color has-text-color has-link-color wp-elements-f2732809325649a0721844c60c5d1212 is-layout-flow wp-block-column-is-layout-flow\">\n<span class=\"material-symbols-outlined\">workspace_premium<\/span>\n<\/div>\n\n\n\n<div class=\"wp-block-column has-theme-palette-1-color has-text-color has-link-color wp-elements-b7408c635d744641a4dc4a45fa8cac60 is-layout-flow wp-block-column-is-layout-flow\">\n<h3 class=\"wp-block-heading has-text-align-left has-theme-palette-1-color has-text-color has-link-color has-larger-font-size wp-elements-845227ea7ccd45817b9611e4bfa89246\">Segundo lugar<\/h3>\n\n\n\n<p class=\"has-text-align-left\">\u201cBien de Sal\u201d obtuvo el segundo lugar en el 1er Festival de Cortometrajes Udla<\/p>\n<\/div>\n<\/div>\n\n\n\n<hr class=\"wp-block-separator has-text-color has-theme-palette-10-color has-alpha-channel-opacity has-theme-palette-10-background-color has-background is-style-wide\" style=\"margin-top:var(--wp--preset--spacing--70);margin-bottom:var(--wp--preset--spacing--70)\"\/>\n","protected":false},"excerpt":{"rendered":"<p>Sinopsis \u00abBien de sal\u00bb es un cortometraje que habla de la nostalgia y la fanesca como un elemento significativo en la cultura familiar del Ecuador, presenta la historia de un joven que rememora el cari\u00f1o de su abuela.\u00a0 Rol en el proyecto camera Direcci\u00f3n de fotograf\u00eda Direcci\u00f3n visual del cortometraje, definici\u00f3n de encuadres, iluminaci\u00f3n y&#8230;<\/p>\n","protected":false},"author":1,"featured_media":0,"parent":0,"menu_order":0,"comment_status":"closed","ping_status":"closed","template":"","meta":{"_kadence_starter_templates_imported_post":false,"_kad_post_transparent":"","_kad_post_title":"","_kad_post_layout":"","_kad_post_sidebar_id":"","_kad_post_content_style":"","_kad_post_vertical_padding":"","_kad_post_feature":"","_kad_post_feature_position":"","_kad_post_header":false,"_kad_post_footer":false,"_kad_post_classname":"","footnotes":""},"class_list":["post-529","page","type-page","status-publish","hentry"],"_links":{"self":[{"href":"https:\/\/franciscoordonez.net\/index.php\/wp-json\/wp\/v2\/pages\/529","targetHints":{"allow":["GET"]}}],"collection":[{"href":"https:\/\/franciscoordonez.net\/index.php\/wp-json\/wp\/v2\/pages"}],"about":[{"href":"https:\/\/franciscoordonez.net\/index.php\/wp-json\/wp\/v2\/types\/page"}],"author":[{"embeddable":true,"href":"https:\/\/franciscoordonez.net\/index.php\/wp-json\/wp\/v2\/users\/1"}],"replies":[{"embeddable":true,"href":"https:\/\/franciscoordonez.net\/index.php\/wp-json\/wp\/v2\/comments?post=529"}],"version-history":[{"count":4,"href":"https:\/\/franciscoordonez.net\/index.php\/wp-json\/wp\/v2\/pages\/529\/revisions"}],"predecessor-version":[{"id":538,"href":"https:\/\/franciscoordonez.net\/index.php\/wp-json\/wp\/v2\/pages\/529\/revisions\/538"}],"wp:attachment":[{"href":"https:\/\/franciscoordonez.net\/index.php\/wp-json\/wp\/v2\/media?parent=529"}],"curies":[{"name":"wp","href":"https:\/\/api.w.org\/{rel}","templated":true}]}}