{"id":503,"date":"2026-03-16T10:58:36","date_gmt":"2026-03-16T15:58:36","guid":{"rendered":"https:\/\/franciscoordonez.net\/?page_id=503"},"modified":"2026-03-16T12:05:24","modified_gmt":"2026-03-16T17:05:24","slug":"soy-yo","status":"publish","type":"page","link":"https:\/\/franciscoordonez.net\/index.php\/proyectos\/soy-yo\/","title":{"rendered":"Soy yo"},"content":{"rendered":"\n<div class=\"wp-block-group alignfull\"><div class=\"wp-block-group__inner-container is-layout-constrained wp-block-group-is-layout-constrained\">\n<div class=\"wp-block-cover alignfull is-light\" style=\"min-height:545px;aspect-ratio:unset;\"><video class=\"wp-block-cover__video-background intrinsic-ignore\" autoplay muted loop playsinline src=\"https:\/\/franciscoordonez.net\/wp-content\/uploads\/2026\/03\/Banner-Francisco-Ordonez-720.mp4\" poster=\"https:\/\/franciscoordonez.net\/wp-content\/uploads\/2026\/03\/fecIIanimacion-720.mp4\" data-object-fit=\"cover\"><\/video><span aria-hidden=\"true\" class=\"wp-block-cover__background has-background-dim\" style=\"background-color:#000000\"><\/span><div class=\"wp-block-cover__inner-container is-layout-flow wp-block-cover-is-layout-flow\">\n<h2 class=\"wp-block-heading alignwide has-white-color has-text-color\" style=\"font-size:48px;line-height:1.2\">\u00abSoy yo\u00bb<\/h2>\n\n\n\n<h2 class=\"wp-block-heading has-theme-palette-10-color has-text-color has-link-color wp-elements-33d2bb0f53ce59f049f17cc74d57d341\">Animaci\u00f3n experimental<\/h2>\n\n\n\n<div class=\"wp-block-columns alignwide is-layout-flex wp-container-core-columns-is-layout-9d6595d7 wp-block-columns-is-layout-flex\">\n<div class=\"wp-block-column is-layout-flow wp-block-column-is-layout-flow\" style=\"flex-basis:60%\">\n<p class=\"has-text-color\" style=\"color:#ffffff\">Este proyecto nace desde una necesidad \u00edntima de narrarme a m\u00ed mismo.<br>Como una exploraci\u00f3n sensible de c\u00f3mo percibo el mundo, de c\u00f3mo siento, sue\u00f1o y recuerdo.<\/p>\n<\/div>\n\n\n\n<div class=\"wp-block-column is-layout-flow wp-block-column-is-layout-flow\"><\/div>\n<\/div>\n<\/div><\/div>\n<\/div><\/div>\n\n\n\n<div class=\"wp-block-columns has-theme-palette-1-color has-text-color has-link-color wp-elements-bcfa7108bcbec620edb5118d6d03fba0 is-layout-flex wp-container-core-columns-is-layout-481dce7e wp-block-columns-is-layout-flex\" style=\"border-style:none;border-width:0px;border-top-left-radius:0px;border-top-right-radius:0px;border-bottom-left-radius:0px;border-bottom-right-radius:0px;margin-top:0;margin-bottom:0;padding-top:var(--wp--preset--spacing--60);padding-right:0;padding-bottom:var(--wp--preset--spacing--60);padding-left:0\">\n<div class=\"wp-block-column has-theme-palette-1-color has-text-color has-link-color wp-elements-667e0cc643ff807122fb160b6dea2162 is-layout-flow wp-block-column-is-layout-flow\">\n<figure class=\"wp-block-embed is-type-video is-provider-youtube wp-block-embed-youtube wp-embed-aspect-16-9 wp-has-aspect-ratio\"><div class=\"wp-block-embed__wrapper\">\n<iframe title=\"&quot;Soy yo&quot; by  Francisco Ord\u00f3\u00f1ez &quot;JFOU&quot;\" width=\"720\" height=\"405\" src=\"https:\/\/www.youtube.com\/embed\/H0fbU5-P8HM?feature=oembed\" frameborder=\"0\" allow=\"accelerometer; autoplay; clipboard-write; encrypted-media; gyroscope; picture-in-picture; web-share\" referrerpolicy=\"strict-origin-when-cross-origin\" allowfullscreen><\/iframe>\n<\/div><\/figure>\n<\/div>\n<\/div>\n\n\n\n<div class=\"wp-block-columns are-vertically-aligned-center is-layout-flex wp-container-core-columns-is-layout-ed5226f6 wp-block-columns-is-layout-flex\" style=\"padding-right:0;padding-left:0\">\n<div class=\"wp-block-column is-vertically-aligned-center is-layout-flow wp-block-column-is-layout-flow\">\n<figure class=\"wp-block-image size-large\"><img decoding=\"async\" width=\"1024\" height=\"576\" src=\"https:\/\/franciscoordonez.net\/wp-content\/uploads\/2026\/03\/Web-portafolio-soy-yo-1024x576.jpg\" alt=\"\" class=\"wp-image-507\" srcset=\"https:\/\/franciscoordonez.net\/wp-content\/uploads\/2026\/03\/Web-portafolio-soy-yo-1024x576.jpg 1024w, https:\/\/franciscoordonez.net\/wp-content\/uploads\/2026\/03\/Web-portafolio-soy-yo-300x169.jpg 300w, https:\/\/franciscoordonez.net\/wp-content\/uploads\/2026\/03\/Web-portafolio-soy-yo-768x432.jpg 768w, https:\/\/franciscoordonez.net\/wp-content\/uploads\/2026\/03\/Web-portafolio-soy-yo-1536x864.jpg 1536w, https:\/\/franciscoordonez.net\/wp-content\/uploads\/2026\/03\/Web-portafolio-soy-yo.jpg 1600w\" sizes=\"(max-width: 1024px) 100vw, 1024px\" \/><\/figure>\n<\/div>\n\n\n\n<div class=\"wp-block-column is-vertically-aligned-center is-layout-flow wp-block-column-is-layout-flow\">\n<h2 class=\"wp-block-heading\">Concepto narrativo<\/h2>\n\n\n\n<p><strong>SOY YO<\/strong> es una mirada hacia adentro, una forma de entender lo que me atraviesa y me construye como persona y como creador.<\/p>\n\n\n\n<p>Lo que se escucha es una extensi\u00f3n de mi pensamiento, un reflejo honesto de mis dudas, mis obsesiones y mis pasiones. Cada palabra busca conectar con aquello que no siempre se puede expresar con im\u00e1genes o gestos. Esta obra no intenta dar respuestas, sino provocar preguntas y emociones, invitando a quien la observa a reconocerse, aunque sea un poco, en lo que yo soy.<\/p>\n\n\n\n<div class=\"wp-block-buttons is-layout-flex wp-block-buttons-is-layout-flex\">\n<div class=\"wp-block-button\"><a class=\"wp-block-button__link wp-element-button\" href=\"https:\/\/franciscoordonez.net\/wp-content\/uploads\/2026\/03\/Dossier-Soy-yo_compressed.pdf\" target=\"_blank\" rel=\"noreferrer noopener\">Descargar dossier<\/a><\/div>\n<\/div>\n<\/div>\n<\/div>\n\n\n\n<hr class=\"wp-block-separator has-css-opacity is-style-wide\" style=\"margin-top:var(--wp--preset--spacing--40);margin-bottom:var(--wp--preset--spacing--40)\"\/>\n\n\n\n<div class=\"wp-block-group\"><div class=\"wp-block-group__inner-container is-layout-constrained wp-block-group-is-layout-constrained\">\n<div class=\"wp-block-columns is-layout-flex wp-container-core-columns-is-layout-481dce7e wp-block-columns-is-layout-flex\" style=\"border-style:none;border-width:0px;border-top-left-radius:0px;border-top-right-radius:0px;border-bottom-left-radius:0px;border-bottom-right-radius:0px;margin-top:0;margin-bottom:0;padding-top:var(--wp--preset--spacing--60);padding-right:0;padding-bottom:var(--wp--preset--spacing--60);padding-left:0\">\n<div class=\"wp-block-column has-theme-palette-2-color has-text-color has-link-color wp-elements-29af7b416f90dfaa549249ca11492beb is-layout-flow wp-block-column-is-layout-flow\">\n<h1 class=\"wp-block-heading has-text-align-center has-theme-palette-1-color has-text-color has-link-color has-larger-font-size wp-elements-8d1cfa50c573e32b86589767dcd62835\">Etapas el proyecto<\/h1>\n<\/div>\n<\/div>\n\n\n\n<div class=\"wp-block-columns has-theme-palette-1-color has-text-color has-link-color wp-elements-d2410906057d57140da216da06bfce87 is-layout-flex wp-container-core-columns-is-layout-481dce7e wp-block-columns-is-layout-flex\" style=\"border-style:none;border-width:0px;border-top-left-radius:0px;border-top-right-radius:0px;border-bottom-left-radius:0px;border-bottom-right-radius:0px;margin-top:0;margin-bottom:0;padding-top:var(--wp--preset--spacing--60);padding-right:0;padding-bottom:var(--wp--preset--spacing--60);padding-left:0\">\n<div class=\"wp-block-column has-theme-palette-1-color has-text-color has-link-color wp-elements-b9cad493785bae0de06d4303784f9b6f is-layout-flow wp-block-column-is-layout-flow\">\n<span class=\"material-symbols-outlined\">psychology<\/span>\n\n\n\n<h3 class=\"wp-block-heading has-text-align-center\">Conceptualizaci\u00f3n<\/h3>\n\n\n\n<p class=\"has-text-align-center\">Exploraci\u00f3n conceptual del proyecto, identidad visual y narrativa de la pieza.<\/p>\n<\/div>\n\n\n\n<div class=\"wp-block-column has-theme-palette-1-color has-text-color has-link-color wp-elements-616961aa95964dd6fdee53e290adc388 is-layout-flow wp-block-column-is-layout-flow\">\n<span class=\"material-symbols-outlined\">movie<\/span>\n\n\n\n<h3 class=\"wp-block-heading has-text-align-center\">Direcci\u00f3n creativa<\/h3>\n\n\n\n<p class=\"has-text-align-center\">Definici\u00f3n est\u00e9tica, composici\u00f3n visual y estructura narrativa de la animaci\u00f3n.<\/p>\n<\/div>\n\n\n\n<div class=\"wp-block-column has-theme-palette-1-color has-text-color has-link-color wp-elements-a50663843ce865ceaf3238f22bf5062c is-layout-flow wp-block-column-is-layout-flow\">\n<span class=\"material-symbols-outlined\">animation<\/span>\n\n\n\n<h3 class=\"wp-block-heading has-text-align-center\">Animaci\u00f3n<\/h3>\n\n\n\n<p class=\"has-text-align-center\">Producci\u00f3n y motion design en After Effects, integrando collage, tipograf\u00eda y sonido.<\/p>\n<\/div>\n<\/div>\n<\/div><\/div>\n\n\n\n<div class=\"wp-block-columns is-layout-flex wp-container-core-columns-is-layout-9d6595d7 wp-block-columns-is-layout-flex\">\n<div class=\"wp-block-column is-layout-flow wp-block-column-is-layout-flow\">\n<figure class=\"wp-block-image size-large\"><img decoding=\"async\" width=\"1024\" height=\"1024\" src=\"https:\/\/franciscoordonez.net\/wp-content\/uploads\/2026\/03\/Web-portafolio-soyyo-cuadrado-25-1024x1024.jpg\" alt=\"\" class=\"wp-image-519\" srcset=\"https:\/\/franciscoordonez.net\/wp-content\/uploads\/2026\/03\/Web-portafolio-soyyo-cuadrado-25-1024x1024.jpg 1024w, https:\/\/franciscoordonez.net\/wp-content\/uploads\/2026\/03\/Web-portafolio-soyyo-cuadrado-25-300x300.jpg 300w, https:\/\/franciscoordonez.net\/wp-content\/uploads\/2026\/03\/Web-portafolio-soyyo-cuadrado-25-150x150.jpg 150w, https:\/\/franciscoordonez.net\/wp-content\/uploads\/2026\/03\/Web-portafolio-soyyo-cuadrado-25-768x768.jpg 768w, https:\/\/franciscoordonez.net\/wp-content\/uploads\/2026\/03\/Web-portafolio-soyyo-cuadrado-25.jpg 1080w\" sizes=\"(max-width: 1024px) 100vw, 1024px\" \/><\/figure>\n<\/div>\n\n\n\n<div class=\"wp-block-column is-layout-flow wp-block-column-is-layout-flow\">\n<figure class=\"wp-block-image size-large\"><img decoding=\"async\" width=\"1024\" height=\"1024\" src=\"https:\/\/franciscoordonez.net\/wp-content\/uploads\/2026\/03\/Web-portafolio-soyyo-cuadrado-24-1024x1024.jpg\" alt=\"\" class=\"wp-image-518\" srcset=\"https:\/\/franciscoordonez.net\/wp-content\/uploads\/2026\/03\/Web-portafolio-soyyo-cuadrado-24-1024x1024.jpg 1024w, https:\/\/franciscoordonez.net\/wp-content\/uploads\/2026\/03\/Web-portafolio-soyyo-cuadrado-24-300x300.jpg 300w, https:\/\/franciscoordonez.net\/wp-content\/uploads\/2026\/03\/Web-portafolio-soyyo-cuadrado-24-150x150.jpg 150w, https:\/\/franciscoordonez.net\/wp-content\/uploads\/2026\/03\/Web-portafolio-soyyo-cuadrado-24-768x768.jpg 768w, https:\/\/franciscoordonez.net\/wp-content\/uploads\/2026\/03\/Web-portafolio-soyyo-cuadrado-24.jpg 1080w\" sizes=\"(max-width: 1024px) 100vw, 1024px\" \/><\/figure>\n<\/div>\n\n\n\n<div class=\"wp-block-column is-layout-flow wp-block-column-is-layout-flow\">\n<figure class=\"wp-block-image size-large\"><img decoding=\"async\" width=\"1024\" height=\"1024\" src=\"https:\/\/franciscoordonez.net\/wp-content\/uploads\/2026\/03\/Web-portafolio-soyyo-cuadrado-26-1024x1024.jpg\" alt=\"\" class=\"wp-image-520\" srcset=\"https:\/\/franciscoordonez.net\/wp-content\/uploads\/2026\/03\/Web-portafolio-soyyo-cuadrado-26-1024x1024.jpg 1024w, https:\/\/franciscoordonez.net\/wp-content\/uploads\/2026\/03\/Web-portafolio-soyyo-cuadrado-26-300x300.jpg 300w, https:\/\/franciscoordonez.net\/wp-content\/uploads\/2026\/03\/Web-portafolio-soyyo-cuadrado-26-150x150.jpg 150w, https:\/\/franciscoordonez.net\/wp-content\/uploads\/2026\/03\/Web-portafolio-soyyo-cuadrado-26-768x768.jpg 768w, https:\/\/franciscoordonez.net\/wp-content\/uploads\/2026\/03\/Web-portafolio-soyyo-cuadrado-26.jpg 1080w\" sizes=\"(max-width: 1024px) 100vw, 1024px\" \/><\/figure>\n<\/div>\n<\/div>\n\n\n\n<hr class=\"wp-block-separator has-css-opacity is-style-wide\" style=\"margin-top:var(--wp--preset--spacing--70);margin-bottom:var(--wp--preset--spacing--70)\"\/>\n\n\n\n<div class=\"wp-block-columns has-theme-palette-1-color has-text-color has-link-color wp-elements-b6c2234788d10bf3245a5225e315cf5b is-layout-flex wp-container-core-columns-is-layout-481dce7e wp-block-columns-is-layout-flex\" style=\"border-style:none;border-width:0px;border-top-left-radius:0px;border-top-right-radius:0px;border-bottom-left-radius:0px;border-bottom-right-radius:0px;margin-top:0;margin-bottom:0;padding-top:var(--wp--preset--spacing--60);padding-right:0;padding-bottom:var(--wp--preset--spacing--60);padding-left:0\">\n<div class=\"wp-block-column has-theme-palette-1-color has-text-color has-link-color wp-elements-24e00820c8f794dda4f2bbf825e15624 is-layout-flow wp-block-column-is-layout-flow\">\n<span class=\"material-symbols-outlined\">auto_awesome<\/span>\n<\/div>\n\n\n\n<div class=\"wp-block-column has-theme-palette-1-color has-text-color has-link-color wp-elements-8d76c734dd890bc606449344586bd524 is-layout-flow wp-block-column-is-layout-flow\">\n<h3 class=\"wp-block-heading has-text-align-left has-theme-palette-1-color has-text-color has-link-color has-larger-font-size wp-elements-29e18772e961d774ac7becf94fb1c0d7\">Impacto<\/h3>\n\n\n\n<p class=\"has-text-align-left\">El proyecto integra narrativa visual experimental y motion design para construir una pieza introspectiva donde t\u00e9cnica y discurso art\u00edstico se articulan para explorar la identidad desde lo visual.<\/p>\n<\/div>\n<\/div>\n\n\n\n<hr class=\"wp-block-separator has-text-color has-theme-palette-10-color has-alpha-channel-opacity has-theme-palette-10-background-color has-background is-style-wide\" style=\"margin-top:var(--wp--preset--spacing--70);margin-bottom:var(--wp--preset--spacing--70)\"\/>\n","protected":false},"excerpt":{"rendered":"<p>Concepto narrativo SOY YO es una mirada hacia adentro, una forma de entender lo que me atraviesa y me construye como persona y como creador. Lo que se escucha es una extensi\u00f3n de mi pensamiento, un reflejo honesto de mis dudas, mis obsesiones y mis pasiones. Cada palabra busca conectar con aquello que no siempre&#8230;<\/p>\n","protected":false},"author":1,"featured_media":0,"parent":12,"menu_order":0,"comment_status":"closed","ping_status":"closed","template":"","meta":{"_kadence_starter_templates_imported_post":false,"_kad_post_transparent":"","_kad_post_title":"","_kad_post_layout":"","_kad_post_sidebar_id":"","_kad_post_content_style":"","_kad_post_vertical_padding":"","_kad_post_feature":"","_kad_post_feature_position":"","_kad_post_header":false,"_kad_post_footer":false,"_kad_post_classname":"","footnotes":""},"class_list":["post-503","page","type-page","status-publish","hentry"],"_links":{"self":[{"href":"https:\/\/franciscoordonez.net\/index.php\/wp-json\/wp\/v2\/pages\/503","targetHints":{"allow":["GET"]}}],"collection":[{"href":"https:\/\/franciscoordonez.net\/index.php\/wp-json\/wp\/v2\/pages"}],"about":[{"href":"https:\/\/franciscoordonez.net\/index.php\/wp-json\/wp\/v2\/types\/page"}],"author":[{"embeddable":true,"href":"https:\/\/franciscoordonez.net\/index.php\/wp-json\/wp\/v2\/users\/1"}],"replies":[{"embeddable":true,"href":"https:\/\/franciscoordonez.net\/index.php\/wp-json\/wp\/v2\/comments?post=503"}],"version-history":[{"count":9,"href":"https:\/\/franciscoordonez.net\/index.php\/wp-json\/wp\/v2\/pages\/503\/revisions"}],"predecessor-version":[{"id":530,"href":"https:\/\/franciscoordonez.net\/index.php\/wp-json\/wp\/v2\/pages\/503\/revisions\/530"}],"up":[{"embeddable":true,"href":"https:\/\/franciscoordonez.net\/index.php\/wp-json\/wp\/v2\/pages\/12"}],"wp:attachment":[{"href":"https:\/\/franciscoordonez.net\/index.php\/wp-json\/wp\/v2\/media?parent=503"}],"curies":[{"name":"wp","href":"https:\/\/api.w.org\/{rel}","templated":true}]}}