{"id":406,"date":"2026-03-15T18:42:24","date_gmt":"2026-03-15T23:42:24","guid":{"rendered":"https:\/\/franciscoordonez.net\/?page_id=406"},"modified":"2026-03-16T09:46:27","modified_gmt":"2026-03-16T14:46:27","slug":"documental-vida","status":"publish","type":"page","link":"https:\/\/franciscoordonez.net\/index.php\/proyectos\/documental-vida\/","title":{"rendered":"Documental Vida"},"content":{"rendered":"\n<div class=\"wp-block-group alignfull\"><div class=\"wp-block-group__inner-container is-layout-constrained wp-block-group-is-layout-constrained\">\n<div class=\"wp-block-cover alignfull is-light\" style=\"min-height:545px;aspect-ratio:unset;\"><video class=\"wp-block-cover__video-background intrinsic-ignore\" autoplay muted loop playsinline src=\"https:\/\/franciscoordonez.net\/wp-content\/uploads\/2026\/03\/Vida-Portada.mp4\" poster=\"https:\/\/franciscoordonez.net\/wp-content\/uploads\/2026\/03\/fecIIanimacion-720.mp4\" style=\"object-position:51% 45%\" data-object-fit=\"cover\" data-object-position=\"51% 45%\"><\/video><span aria-hidden=\"true\" class=\"wp-block-cover__background has-background-dim\" style=\"background-color:#000000\"><\/span><div class=\"wp-block-cover__inner-container is-layout-flow wp-block-cover-is-layout-flow\">\n<h2 class=\"wp-block-heading alignwide has-white-color has-text-color\" style=\"font-size:48px;line-height:1.2\">\u00abVida\u00bb<\/h2>\n\n\n\n<h2 class=\"wp-block-heading has-theme-palette-10-color has-text-color has-link-color wp-elements-3e65857223531cedb268a2ba2dc21309\">Documental realizado junto a la Fundaci\u00f3n<br>Gal\u00e1pagos Volcanic<\/h2>\n\n\n\n<div class=\"wp-block-columns alignwide is-layout-flex wp-container-core-columns-is-layout-9d6595d7 wp-block-columns-is-layout-flex\">\n<div class=\"wp-block-column is-layout-flow wp-block-column-is-layout-flow\" style=\"flex-basis:60%\">\n<p class=\"has-text-color\" style=\"color:#ffffff\">Documental que narra las historias de tres sobrevivientes de c\u00e1ncer en Gal\u00e1pagos, explorando la dualidad entre habitar uno de los lugares m\u00e1s biodiversos del planeta y enfrentar las limitaciones del acceso a salud especializada en territorios insulares.<\/p>\n<\/div>\n\n\n\n<div class=\"wp-block-column is-layout-flow wp-block-column-is-layout-flow\"><\/div>\n<\/div>\n<\/div><\/div>\n<\/div><\/div>\n\n\n\n<div class=\"wp-block-columns has-theme-palette-1-color has-text-color has-link-color wp-elements-7c39e3dc9b9355a4492c86fccb9c7d5c is-layout-flex wp-container-core-columns-is-layout-481dce7e wp-block-columns-is-layout-flex\" style=\"border-style:none;border-width:0px;border-top-left-radius:0px;border-top-right-radius:0px;border-bottom-left-radius:0px;border-bottom-right-radius:0px;margin-top:0;margin-bottom:0;padding-top:var(--wp--preset--spacing--60);padding-right:0;padding-bottom:var(--wp--preset--spacing--60);padding-left:0\">\n<div class=\"wp-block-column has-theme-palette-1-color has-text-color has-link-color wp-elements-5610d4ac5b4428f2558dd1fdf2a7a776 is-layout-flow wp-block-column-is-layout-flow\">\n<figure class=\"wp-block-embed is-type-video is-provider-youtube wp-block-embed-youtube wp-embed-aspect-16-9 wp-has-aspect-ratio\"><div class=\"wp-block-embed__wrapper\">\n<iframe title=\"Documental Gal\u00e1pagos Volcanic\" width=\"720\" height=\"405\" src=\"https:\/\/www.youtube.com\/embed\/Rl_TtAtrhJ0?feature=oembed\" frameborder=\"0\" allow=\"accelerometer; autoplay; clipboard-write; encrypted-media; gyroscope; picture-in-picture; web-share\" referrerpolicy=\"strict-origin-when-cross-origin\" allowfullscreen><\/iframe>\n<\/div><\/figure>\n<\/div>\n<\/div>\n\n\n\n<div class=\"wp-block-columns are-vertically-aligned-center is-layout-flex wp-container-core-columns-is-layout-ed5226f6 wp-block-columns-is-layout-flex\" style=\"padding-right:0;padding-left:0\">\n<div class=\"wp-block-column is-vertically-aligned-center is-layout-flow wp-block-column-is-layout-flow\">\n<figure class=\"wp-block-image size-full\"><img decoding=\"async\" width=\"1920\" height=\"1080\" src=\"https:\/\/franciscoordonez.net\/wp-content\/uploads\/2026\/03\/galapagos-1.jpg\" alt=\"\" class=\"wp-image-411\"\/><\/figure>\n<\/div>\n\n\n\n<div class=\"wp-block-column is-vertically-aligned-center is-layout-flow wp-block-column-is-layout-flow\">\n<h2 class=\"wp-block-heading\">Concepto narrativo<\/h2>\n\n\n\n<p>El documental plantea una <strong>dualidad narrativa<\/strong>: la vida en uno de los <strong>ecosistemas m\u00e1s extraordinarios del planeta<\/strong> y, al mismo tiempo, la <strong>vulnerabilidad de sus habitantes<\/strong> frente a enfermedades que requieren atenci\u00f3n m\u00e9dica especializada.<br><br>A trav\u00e9s de una <strong>narrativa \u00edntima y humana<\/strong>, Vida busca transmitir esperanza, resiliencia y la importancia de la detecci\u00f3n temprana, generando empat\u00eda con las historias de quienes enfrentan la enfermedad.<\/p>\n<\/div>\n<\/div>\n\n\n\n<hr class=\"wp-block-separator has-css-opacity is-style-wide\" style=\"margin-top:var(--wp--preset--spacing--40);margin-bottom:var(--wp--preset--spacing--40)\"\/>\n\n\n\n<div class=\"wp-block-group\"><div class=\"wp-block-group__inner-container is-layout-constrained wp-block-group-is-layout-constrained\">\n<div class=\"wp-block-columns is-layout-flex wp-container-core-columns-is-layout-481dce7e wp-block-columns-is-layout-flex\" style=\"border-style:none;border-width:0px;border-top-left-radius:0px;border-top-right-radius:0px;border-bottom-left-radius:0px;border-bottom-right-radius:0px;margin-top:0;margin-bottom:0;padding-top:var(--wp--preset--spacing--60);padding-right:0;padding-bottom:var(--wp--preset--spacing--60);padding-left:0\">\n<div class=\"wp-block-column has-theme-palette-2-color has-text-color has-link-color wp-elements-e8b4f58e6923d80e431ed96df299a3aa is-layout-flow wp-block-column-is-layout-flow\">\n<h1 class=\"wp-block-heading has-text-align-center has-theme-palette-1-color has-text-color has-link-color has-larger-font-size wp-elements-dee8db3314fb5317f547ddb565c7d218\">Mi rol en el proyecto<\/h1>\n<\/div>\n<\/div>\n\n\n\n<div class=\"wp-block-columns has-theme-palette-1-color has-text-color has-link-color wp-elements-38f864b2250057a2b0ad31d52661094a is-layout-flex wp-container-core-columns-is-layout-481dce7e wp-block-columns-is-layout-flex\" style=\"border-style:none;border-width:0px;border-top-left-radius:0px;border-top-right-radius:0px;border-bottom-left-radius:0px;border-bottom-right-radius:0px;margin-top:0;margin-bottom:0;padding-top:var(--wp--preset--spacing--60);padding-right:0;padding-bottom:var(--wp--preset--spacing--60);padding-left:0\">\n<div class=\"wp-block-column has-theme-palette-1-color has-text-color has-link-color wp-elements-ca058f988130f5cdcedb01bdc0416232 is-layout-flow wp-block-column-is-layout-flow\">\n<span class=\"material-symbols-outlined\">movie<\/span>\n\n\n\n<h3 class=\"wp-block-heading has-text-align-center\">Director<\/h3>\n\n\n\n<p class=\"has-text-align-center\">Liderazgo creativo<\/p>\n<\/div>\n\n\n\n<div class=\"wp-block-column has-theme-palette-1-color has-text-color has-link-color wp-elements-22840bb03e211ea24172dd3fe1844a23 is-layout-flow wp-block-column-is-layout-flow\">\n<span class=\"material-symbols-outlined\">content_cut<\/span>\n\n\n\n<h3 class=\"wp-block-heading has-text-align-center\">Edici\u00f3n y montaje<\/h3>\n\n\n\n<p class=\"has-text-align-center\">Postproducci\u00f3n, y estructura narrativa.<\/p>\n<\/div>\n\n\n\n<div class=\"wp-block-column has-theme-palette-1-color has-text-color has-link-color wp-elements-f854c857d295a371c74c82dc325c3bf5 is-layout-flow wp-block-column-is-layout-flow\">\n<span class=\"material-symbols-outlined\">psychology<\/span>\n\n\n\n<h3 class=\"wp-block-heading has-text-align-center\">Guionista<\/h3>\n\n\n\n<p class=\"has-text-align-center\">Conceptualizaci\u00f3n, investigaci\u00f3n y storytelling<\/p>\n<\/div>\n<\/div>\n<\/div><\/div>\n\n\n\n<hr class=\"wp-block-separator has-css-opacity is-style-wide\" style=\"margin-top:var(--wp--preset--spacing--70);margin-bottom:var(--wp--preset--spacing--70)\"\/>\n\n\n\n<div class=\"wp-block-columns has-theme-palette-1-color has-text-color has-link-color wp-elements-21d9073ddbb1cfd604dc59493e8d3a30 is-layout-flex wp-container-core-columns-is-layout-481dce7e wp-block-columns-is-layout-flex\" style=\"border-style:none;border-width:0px;border-top-left-radius:0px;border-top-right-radius:0px;border-bottom-left-radius:0px;border-bottom-right-radius:0px;margin-top:0;margin-bottom:0;padding-top:var(--wp--preset--spacing--60);padding-right:0;padding-bottom:var(--wp--preset--spacing--60);padding-left:0\">\n<div class=\"wp-block-column has-theme-palette-1-color has-text-color has-link-color wp-elements-24e00820c8f794dda4f2bbf825e15624 is-layout-flow wp-block-column-is-layout-flow\">\n<span class=\"material-symbols-outlined\">auto_awesome<\/span>\n<\/div>\n\n\n\n<div class=\"wp-block-column has-theme-palette-1-color has-text-color has-link-color wp-elements-11d2edbbaa4f34299ddf9d1272955d87 is-layout-flow wp-block-column-is-layout-flow\">\n<h3 class=\"wp-block-heading has-text-align-left has-theme-palette-1-color has-text-color has-link-color has-larger-font-size wp-elements-29e18772e961d774ac7becf94fb1c0d7\">Impacto<\/h3>\n\n\n\n<p class=\"has-text-align-left\">El documental busca sensibilizar sobre la realidad de las comunidades insulares frente al acceso a servicios de salud, generando reflexi\u00f3n sobre la importancia de la prevenci\u00f3n y la detecci\u00f3n temprana del c\u00e1ncer.<br><br>A trav\u00e9s de testimonios reales, Vida propone una mirada esperanzadora sobre la resiliencia de quienes enfrentan la enfermedad en un entorno \u00fanico como Gal\u00e1pagos.<\/p>\n<\/div>\n<\/div>\n\n\n\n<hr class=\"wp-block-separator has-text-color has-theme-palette-10-color has-alpha-channel-opacity has-theme-palette-10-background-color has-background is-style-wide\" style=\"margin-top:var(--wp--preset--spacing--70);margin-bottom:var(--wp--preset--spacing--70)\"\/>\n","protected":false},"excerpt":{"rendered":"<p>Concepto narrativo El documental plantea una dualidad narrativa: la vida en uno de los ecosistemas m\u00e1s extraordinarios del planeta y, al mismo tiempo, la vulnerabilidad de sus habitantes frente a enfermedades que requieren atenci\u00f3n m\u00e9dica especializada. A trav\u00e9s de una narrativa \u00edntima y humana, Vida busca transmitir esperanza, resiliencia y la importancia de la detecci\u00f3n&#8230;<\/p>\n","protected":false},"author":1,"featured_media":0,"parent":12,"menu_order":0,"comment_status":"closed","ping_status":"closed","template":"","meta":{"_kadence_starter_templates_imported_post":false,"_kad_post_transparent":"","_kad_post_title":"","_kad_post_layout":"","_kad_post_sidebar_id":"","_kad_post_content_style":"","_kad_post_vertical_padding":"","_kad_post_feature":"","_kad_post_feature_position":"","_kad_post_header":false,"_kad_post_footer":false,"_kad_post_classname":"","footnotes":""},"class_list":["post-406","page","type-page","status-publish","hentry"],"_links":{"self":[{"href":"https:\/\/franciscoordonez.net\/index.php\/wp-json\/wp\/v2\/pages\/406","targetHints":{"allow":["GET"]}}],"collection":[{"href":"https:\/\/franciscoordonez.net\/index.php\/wp-json\/wp\/v2\/pages"}],"about":[{"href":"https:\/\/franciscoordonez.net\/index.php\/wp-json\/wp\/v2\/types\/page"}],"author":[{"embeddable":true,"href":"https:\/\/franciscoordonez.net\/index.php\/wp-json\/wp\/v2\/users\/1"}],"replies":[{"embeddable":true,"href":"https:\/\/franciscoordonez.net\/index.php\/wp-json\/wp\/v2\/comments?post=406"}],"version-history":[{"count":8,"href":"https:\/\/franciscoordonez.net\/index.php\/wp-json\/wp\/v2\/pages\/406\/revisions"}],"predecessor-version":[{"id":431,"href":"https:\/\/franciscoordonez.net\/index.php\/wp-json\/wp\/v2\/pages\/406\/revisions\/431"}],"up":[{"embeddable":true,"href":"https:\/\/franciscoordonez.net\/index.php\/wp-json\/wp\/v2\/pages\/12"}],"wp:attachment":[{"href":"https:\/\/franciscoordonez.net\/index.php\/wp-json\/wp\/v2\/media?parent=406"}],"curies":[{"name":"wp","href":"https:\/\/api.w.org\/{rel}","templated":true}]}}