{"id":370,"date":"2026-03-15T17:03:22","date_gmt":"2026-03-15T22:03:22","guid":{"rendered":"https:\/\/franciscoordonez.net\/?page_id=370"},"modified":"2026-03-16T10:49:00","modified_gmt":"2026-03-16T15:49:00","slug":"mover-u","status":"publish","type":"page","link":"https:\/\/franciscoordonez.net\/index.php\/proyectos\/mover-u\/","title":{"rendered":"MOVER-U"},"content":{"rendered":"\n<div class=\"wp-block-group alignfull\"><div class=\"wp-block-group__inner-container is-layout-constrained wp-block-group-is-layout-constrained\">\n<div class=\"wp-block-cover alignfull is-light\" style=\"min-height:545px;aspect-ratio:unset;\"><video class=\"wp-block-cover__video-background intrinsic-ignore\" autoplay muted loop playsinline src=\"https:\/\/franciscoordonez.net\/wp-content\/uploads\/2026\/03\/Mover-U-Videoportada.mp4\" poster=\"https:\/\/franciscoordonez.net\/wp-content\/uploads\/2026\/03\/fecIIanimacion-720.mp4\" style=\"object-position:46% 0%\" data-object-fit=\"cover\" data-object-position=\"46% 0%\"><\/video><span aria-hidden=\"true\" class=\"wp-block-cover__background has-background-dim\" style=\"background-color:#000000\"><\/span><div class=\"wp-block-cover__inner-container is-layout-flow wp-block-cover-is-layout-flow\">\n<h2 class=\"wp-block-heading alignwide has-white-color has-text-color\" style=\"font-size:48px;line-height:1.2\">MOVER-U<\/h2>\n\n\n\n<h2 class=\"wp-block-heading has-theme-palette-10-color has-text-color has-link-color wp-elements-61113e7bab9a0e11bfc6d4ea83d7844b\">Movilidad Sostenible &#8211; Universidad de Cuenca<\/h2>\n\n\n\n<div class=\"wp-block-columns alignwide is-layout-flex wp-container-core-columns-is-layout-9d6595d7 wp-block-columns-is-layout-flex\">\n<div class=\"wp-block-column is-layout-flow wp-block-column-is-layout-flow\" style=\"flex-basis:60%\">\n<p class=\"has-text-color\" style=\"color:#ffffff\">MOVER-U es una iniciativa universitaria que promueve el uso de la bicicleta y la movilidad sostenible mediante actividades formativas, eventos comunitarios y campa\u00f1as de sensibilizaci\u00f3n dirigidas a estudiantes y ciudadan\u00eda.<\/p>\n<\/div>\n\n\n\n<div class=\"wp-block-column is-layout-flow wp-block-column-is-layout-flow\"><\/div>\n<\/div>\n<\/div><\/div>\n<\/div><\/div>\n\n\n\n<div class=\"wp-block-columns has-theme-palette-1-color has-text-color has-link-color wp-elements-1f1d7c24ac51461fb8a7cc34b34c342d is-layout-flex wp-container-core-columns-is-layout-481dce7e wp-block-columns-is-layout-flex\" style=\"border-style:none;border-width:0px;border-top-left-radius:0px;border-top-right-radius:0px;border-bottom-left-radius:0px;border-bottom-right-radius:0px;margin-top:0;margin-bottom:0;padding-top:var(--wp--preset--spacing--60);padding-right:0;padding-bottom:var(--wp--preset--spacing--60);padding-left:0\">\n<div class=\"wp-block-column has-theme-palette-1-color has-text-color has-link-color wp-elements-7bae3f306a50966fac5333fe7f9c53d8 is-layout-flow wp-block-column-is-layout-flow\">\n<figure class=\"wp-block-image size-full\"><img decoding=\"async\" width=\"1080\" height=\"1080\" src=\"https:\/\/franciscoordonez.net\/wp-content\/uploads\/2026\/03\/moveruport2.jpg\" alt=\"\" class=\"wp-image-376\"\/><\/figure>\n<\/div>\n\n\n\n<div class=\"wp-block-column is-vertically-aligned-center has-theme-palette-1-color has-text-color has-link-color wp-elements-4b4e3ade2fb58665f71396cb2d697d73 is-layout-flow wp-block-column-is-layout-flow\">\n<h3 class=\"wp-block-heading has-text-align-left has-theme-palette-1-color has-text-color has-link-color has-larger-font-size wp-elements-49679ea99f719d90b33d0a85801b8240\">\u00bfQu\u00e9 es?<\/h3>\n\n\n\n<p class=\"has-text-align-left\">MOVER-U es un programa impulsado por la Universidad de Cuenca que busca fomentar una cultura de movilidad sostenible dentro de la comunidad universitaria y en la ciudad.<\/p>\n\n\n\n<p class=\"has-text-align-left\">A trav\u00e9s de cursos de ciclismo urbano, recorridos colectivos y campa\u00f1as de comunicaci\u00f3n, el proyecto promueve el uso de la bicicleta como medio de transporte seguro, accesible y sostenible.<\/p>\n<\/div>\n<\/div>\n\n\n\n<hr class=\"wp-block-separator has-css-opacity is-style-wide\" style=\"margin-top:var(--wp--preset--spacing--40);margin-bottom:var(--wp--preset--spacing--40)\"\/>\n\n\n\n<div class=\"wp-block-group\"><div class=\"wp-block-group__inner-container is-layout-constrained wp-block-group-is-layout-constrained\">\n<div class=\"wp-block-columns is-layout-flex wp-container-core-columns-is-layout-481dce7e wp-block-columns-is-layout-flex\" style=\"border-style:none;border-width:0px;border-top-left-radius:0px;border-top-right-radius:0px;border-bottom-left-radius:0px;border-bottom-right-radius:0px;margin-top:0;margin-bottom:0;padding-top:var(--wp--preset--spacing--60);padding-right:0;padding-bottom:var(--wp--preset--spacing--60);padding-left:0\">\n<div class=\"wp-block-column has-theme-palette-2-color has-text-color has-link-color wp-elements-e8b4f58e6923d80e431ed96df299a3aa is-layout-flow wp-block-column-is-layout-flow\">\n<h1 class=\"wp-block-heading has-text-align-center has-theme-palette-1-color has-text-color has-link-color has-larger-font-size wp-elements-dee8db3314fb5317f547ddb565c7d218\">Mi rol en el proyecto<\/h1>\n<\/div>\n<\/div>\n\n\n\n<div class=\"wp-block-columns has-theme-palette-1-color has-text-color has-link-color wp-elements-b7a52e75ac862fb7b6bd50faf4683383 is-layout-flex wp-container-core-columns-is-layout-481dce7e wp-block-columns-is-layout-flex\" style=\"border-style:none;border-width:0px;border-top-left-radius:0px;border-top-right-radius:0px;border-bottom-left-radius:0px;border-bottom-right-radius:0px;margin-top:0;margin-bottom:0;padding-top:var(--wp--preset--spacing--60);padding-right:0;padding-bottom:var(--wp--preset--spacing--60);padding-left:0\">\n<div class=\"wp-block-column has-theme-palette-1-color has-text-color has-link-color wp-elements-6a950ef1c5b9cb8f713d861159b7681c is-layout-flow wp-block-column-is-layout-flow\">\n<span class=\"material-symbols-outlined\">insights<\/span>\n\n\n\n<h3 class=\"wp-block-heading has-text-align-center\">Estrategia<\/h3>\n\n\n\n<p class=\"has-text-align-center\">Estrategia de comunicaci\u00f3n y contenidos para redes sociales<\/p>\n<\/div>\n\n\n\n<div class=\"wp-block-column has-theme-palette-1-color has-text-color has-link-color wp-elements-21a9c0f6f33a4bdfc166a551cddbc491 is-layout-flow wp-block-column-is-layout-flow\">\n<span class=\"material-symbols-outlined\">palette<\/span>\n\n\n\n<h3 class=\"wp-block-heading has-text-align-center\">Branding<\/h3>\n\n\n\n<p class=\"has-text-align-center\">Conceptualizaci\u00f3n y dise\u00f1o de la l\u00ednea gr\u00e1fica<\/p>\n<\/div>\n\n\n\n<div class=\"wp-block-column has-theme-palette-1-color has-text-color has-link-color wp-elements-d6100d72935f517bb2e57887d40dbbe5 is-layout-flow wp-block-column-is-layout-flow\">\n<span class=\"material-symbols-outlined\">videocam<\/span>\n\n\n\n<h3 class=\"wp-block-heading has-text-align-center\">Audiovisual<\/h3>\n\n\n\n<p class=\"has-text-align-center\">Producci\u00f3n y desarrollo de contenidos audiovisuales<\/p>\n<\/div>\n<\/div>\n<\/div><\/div>\n\n\n\n<hr class=\"wp-block-separator has-css-opacity is-style-wide\" style=\"margin-top:var(--wp--preset--spacing--70);margin-bottom:var(--wp--preset--spacing--70)\"\/>\n\n\n\n<div class=\"wp-block-columns are-vertically-aligned-center is-layout-flex wp-container-core-columns-is-layout-ed5226f6 wp-block-columns-is-layout-flex\" style=\"padding-right:0;padding-left:0\">\n<div class=\"wp-block-column is-vertically-aligned-center is-layout-flow wp-block-column-is-layout-flow\">\n<figure class=\"wp-block-embed is-type-video is-provider-youtube wp-block-embed-youtube wp-embed-aspect-16-9 wp-has-aspect-ratio\"><div class=\"wp-block-embed__wrapper\">\n<iframe title=\"Ecovan\" width=\"720\" height=\"405\" src=\"https:\/\/www.youtube.com\/embed\/rtAJqpedxUA?feature=oembed\" frameborder=\"0\" allow=\"accelerometer; autoplay; clipboard-write; encrypted-media; gyroscope; picture-in-picture; web-share\" referrerpolicy=\"strict-origin-when-cross-origin\" allowfullscreen><\/iframe>\n<\/div><\/figure>\n<\/div>\n\n\n\n<div class=\"wp-block-column is-vertically-aligned-center is-layout-flow wp-block-column-is-layout-flow\">\n<h2 class=\"wp-block-heading\">Premio OLADE (2025)<\/h2>\n\n\n\n<p>Video desarrollado para comunicar la postulaci\u00f3n del proyecto EcoVan MOVER-U, reconocido con el Premio OLADE a la Excelencia Energ\u00e9tica en la categor\u00eda Educaci\u00f3n: proyectos aplicados. Este reconocimiento regional destaca iniciativas que promueven innovaci\u00f3n y sostenibilidad energ\u00e9tica en Am\u00e9rica Latina. <br><br>El video presenta el sistema de transporte intercampus el\u00e9ctrico impulsado por energ\u00eda solar, mostrando c\u00f3mo el proyecto integra movilidad sostenible, innovaci\u00f3n tecnol\u00f3gica y acci\u00f3n clim\u00e1tica dentro de la universidad.<\/p>\n<\/div>\n<\/div>\n\n\n\n<hr class=\"wp-block-separator has-css-opacity is-style-wide\" style=\"margin-top:var(--wp--preset--spacing--70);margin-bottom:var(--wp--preset--spacing--70)\"\/>\n\n\n\n<div class=\"wp-block-columns are-vertically-aligned-center is-layout-flex wp-container-core-columns-is-layout-ed5226f6 wp-block-columns-is-layout-flex\" style=\"padding-right:0;padding-left:0\">\n<div class=\"wp-block-column is-vertically-aligned-center is-layout-flow wp-block-column-is-layout-flow\">\n<figure class=\"wp-block-embed is-type-video is-provider-youtube wp-block-embed-youtube wp-embed-aspect-16-9 wp-has-aspect-ratio\"><div class=\"wp-block-embed__wrapper\">\n<iframe title=\"Mover U - Transformando la Movilidad Universitaria\" width=\"720\" height=\"405\" src=\"https:\/\/www.youtube.com\/embed\/Qs8cB8vqDUk?feature=oembed\" frameborder=\"0\" allow=\"accelerometer; autoplay; clipboard-write; encrypted-media; gyroscope; picture-in-picture; web-share\" referrerpolicy=\"strict-origin-when-cross-origin\" allowfullscreen><\/iframe>\n<\/div><\/figure>\n<\/div>\n\n\n\n<div class=\"wp-block-column is-vertically-aligned-center is-layout-flow wp-block-column-is-layout-flow\">\n<h2 class=\"wp-block-heading\">Premio H\u00e1bitat (2025)<\/h2>\n\n\n\n<p>Video desarrollado para la postulaci\u00f3n del proyecto MOVER-U: Transformando la movilidad universitaria, reconocido en el Premio H\u00e1bitat Ecuador, una iniciativa nacional que promueve proyectos de desarrollo urbano sostenible y resiliente frente al cambio clim\u00e1tico.<br><br>La pieza audiovisual sintetiza el impacto del programa en la Universidad de Cuenca, destacando acciones de movilidad sostenible, formaci\u00f3n ciudadana y recuperaci\u00f3n del espacio p\u00fablico a trav\u00e9s del ciclismo y la movilidad activa.<\/p>\n<\/div>\n<\/div>\n\n\n\n<hr class=\"wp-block-separator has-css-opacity is-style-wide\" style=\"margin-top:var(--wp--preset--spacing--70);margin-bottom:var(--wp--preset--spacing--70)\"\/>\n\n\n\n<div class=\"wp-block-columns are-vertically-aligned-center is-layout-flex wp-container-core-columns-is-layout-ed5226f6 wp-block-columns-is-layout-flex\" style=\"padding-right:0;padding-left:0\">\n<div class=\"wp-block-column is-vertically-aligned-center is-layout-flow wp-block-column-is-layout-flow\">\n<figure class=\"wp-block-video video-proyecto-vertical\"><video height=\"720\" style=\"aspect-ratio: 720 \/ 720;\" width=\"720\" autoplay controls muted src=\"https:\/\/franciscoordonez.net\/wp-content\/uploads\/2026\/03\/Urbanismo-Tactico.mp4\" playsinline><\/video><\/figure>\n<\/div>\n\n\n\n<div class=\"wp-block-column is-vertically-aligned-center is-layout-flow wp-block-column-is-layout-flow\">\n<h2 class=\"wp-block-heading\">Contenidos audiovisuales<\/h2>\n\n\n\n<p>Desarrollo de contenidos audiovisuales para comunicar el <strong>crecimiento y los resultados de MOVER-U<\/strong>, visibilizando tanto sus procesos formativos como sus acciones de movilidad sostenible dentro y fuera de la Universidad de Cuenca. <br><br>Las piezas incluyeron <strong>videos de convocatoria y post-evento <\/strong>para iniciativas como el Curso de iniciaci\u00f3n al ciclismo, el proceso con recicladoras de base, acciones de evaluaci\u00f3n urbana como Pedaleando y evaluando, buscando mostrar de forma clara el desarrollo del proyecto y su impacto comunitario.<\/p>\n<\/div>\n<\/div>\n\n\n\n<div class=\"wp-block-columns is-layout-flex wp-container-core-columns-is-layout-9d6595d7 wp-block-columns-is-layout-flex\">\n<div class=\"wp-block-column is-layout-flow wp-block-column-is-layout-flow\">\n<figure class=\"wp-block-video video-proyecto-vertical\"><video height=\"720\" style=\"aspect-ratio: 1080 \/ 720;\" width=\"1080\" controls src=\"https:\/\/franciscoordonez.net\/wp-content\/uploads\/2026\/03\/Pedaleando-Y-Evaluando.mp4\"><\/video><\/figure>\n<\/div>\n\n\n\n<div class=\"wp-block-column is-layout-flow wp-block-column-is-layout-flow\">\n<figure class=\"wp-block-video video-proyecto-vertical\"><video height=\"720\" style=\"aspect-ratio: 1080 \/ 720;\" width=\"1080\" controls src=\"https:\/\/franciscoordonez.net\/wp-content\/uploads\/2026\/03\/Recicladoras.mp4\"><\/video><\/figure>\n<\/div>\n\n\n\n<div class=\"wp-block-column is-layout-flow wp-block-column-is-layout-flow\">\n<figure class=\"wp-block-video video-proyecto-vertical\"><video height=\"720\" style=\"aspect-ratio: 1080 \/ 720;\" width=\"1080\" controls src=\"https:\/\/franciscoordonez.net\/wp-content\/uploads\/2026\/03\/Curso-De-Iniciacion-Al-Ciclismo1.mp4\"><\/video><\/figure>\n<\/div>\n<\/div>\n\n\n\n<hr class=\"wp-block-separator has-css-opacity is-style-wide\" style=\"margin-top:var(--wp--preset--spacing--70);margin-bottom:var(--wp--preset--spacing--70)\"\/>\n\n\n\n<div class=\"wp-block-columns are-vertically-aligned-center is-layout-flex wp-container-core-columns-is-layout-ed5226f6 wp-block-columns-is-layout-flex\" style=\"padding-right:0;padding-left:0\">\n<div class=\"wp-block-column is-vertically-aligned-center is-layout-flow wp-block-column-is-layout-flow\">\n<figure class=\"wp-block-image size-full\"><img decoding=\"async\" width=\"1080\" height=\"1350\" src=\"https:\/\/franciscoordonez.net\/wp-content\/uploads\/2026\/03\/Cicleada-2025-poster-RSS.jpg\" alt=\"\" class=\"wp-image-389\"\/><\/figure>\n<\/div>\n\n\n\n<div class=\"wp-block-column is-vertically-aligned-center is-layout-flow wp-block-column-is-layout-flow\">\n<h2 class=\"wp-block-heading\">Branding y dise\u00f1o<\/h2>\n\n\n\n<p>El desarrollo visual de MOVER-U se ha basado en la creaci\u00f3n de piezas gr\u00e1ficas para redes sociales que utilizan<strong> ilustraci\u00f3n vectorial simple y composiciones limpias<\/strong>, permitiendo comunicar las iniciativas del proyecto de manera clara y accesible para la comunidad universitaria.<br><br>El <strong>tono comunicacional<\/strong> se construy\u00f3 buscando ser<strong> cercano<\/strong>, conversacional y amigable, priorizando un lenguaje visual que conecte con estudiantes y facilite la comprensi\u00f3n de temas vinculados a movilidad sostenible.<br><br>La identidad gr\u00e1fica combina una <strong>paleta crom\u00e1tica<\/strong> diversa con elementos simb\u00f3licos asociados a la bicicleta, la naturaleza y el espacio urbano, generando una dualidad visual entre movilidad, territorio y sostenibilidad. Este enfoque permite <strong>representar el esp\u00edritu del proyecto<\/strong>: promover formas de desplazamiento m\u00e1s humanas, saludables y respetuosas con el entorno.<\/p>\n<\/div>\n<\/div>\n\n\n\n<div class=\"wp-block-gutsliders-photo-carousel gutslider-bf69a3cc nav_outside nav_cc has__pagination portfolio-slider\" data-swiper-options=\"{&quot;slidesPerView&quot;:1,&quot;spaceBetween&quot;:0,&quot;loop&quot;:true,&quot;autoplay&quot;:false,&quot;speed&quot;:800,&quot;effect&quot;:&quot;slide&quot;,&quot;keyboard&quot;:{&quot;enabled&quot;:false},&quot;mousewheel&quot;:false,&quot;breakpoints&quot;:{&quot;320&quot;:{&quot;slidesPerView&quot;:1,&quot;spaceBetween&quot;:0},&quot;768&quot;:{&quot;slidesPerView&quot;:2,&quot;spaceBetween&quot;:15},&quot;1025&quot;:{&quot;slidesPerView&quot;:&quot;2&quot;,&quot;spaceBetween&quot;:15}},&quot;navigation&quot;:{&quot;nextEl&quot;:&quot;.gutslider-bf69a3cc .swiper-button-next&quot;,&quot;prevEl&quot;:&quot;.gutslider-bf69a3cc .swiper-button-prev&quot;},&quot;pagination&quot;:{&quot;el&quot;:&quot;.gutslider-bf69a3cc .swiper-pagination&quot;,&quot;type&quot;:&quot;bullets&quot;,&quot;dynamicBullets&quot;:false,&quot;clickable&quot;:true}}\"><div class=\"swiper\"><div class=\"swiper-wrapper\"><div class=\"swiper-slide\"><div class=\"swiper-container-outer none\"><img decoding=\"async\" src=\"https:\/\/franciscoordonez.net\/wp-content\/uploads\/2026\/03\/Ruteador-multimodal-01.jpg\" alt=\"\"\/><\/div><\/div><div class=\"swiper-slide\"><div class=\"swiper-container-outer none\"><img decoding=\"async\" src=\"https:\/\/franciscoordonez.net\/wp-content\/uploads\/2026\/03\/Ruteador-multimodal-02.jpg\" alt=\"\"\/><\/div><\/div><div class=\"swiper-slide\"><div class=\"swiper-container-outer none\"><img decoding=\"async\" src=\"https:\/\/franciscoordonez.net\/wp-content\/uploads\/2026\/03\/Ruteador-multimodal-v3-03.jpg\" alt=\"\"\/><\/div><\/div><div class=\"swiper-slide\"><div class=\"swiper-container-outer none\"><img decoding=\"async\" src=\"https:\/\/franciscoordonez.net\/wp-content\/uploads\/2026\/03\/Ruteador-multimodal-v3-04.jpg\" alt=\"\"\/><\/div><\/div><div class=\"swiper-slide\"><div class=\"swiper-container-outer none\"><img decoding=\"async\" src=\"https:\/\/franciscoordonez.net\/wp-content\/uploads\/2026\/03\/Ruteador-multimodal-v3-05.jpg\" alt=\"\"\/><\/div><\/div><\/div><\/div><div class=\"swiper-pagination\"><\/div><div class=\"gutslider-nav nav_outside nav_cc\"><div class=\"swiper-button-prev\"><\/div><div class=\"swiper-button-next\"><\/div><\/div><\/div>\n\n\n\n<hr class=\"wp-block-separator has-css-opacity is-style-wide\" style=\"margin-top:var(--wp--preset--spacing--70);margin-bottom:var(--wp--preset--spacing--70)\"\/>\n\n\n\n<div class=\"wp-block-group\"><div class=\"wp-block-group__inner-container is-layout-constrained wp-block-group-is-layout-constrained\">\n<div class=\"wp-block-columns is-layout-flex wp-container-core-columns-is-layout-481dce7e wp-block-columns-is-layout-flex\" style=\"border-style:none;border-width:0px;border-top-left-radius:0px;border-top-right-radius:0px;border-bottom-left-radius:0px;border-bottom-right-radius:0px;margin-top:0;margin-bottom:0;padding-top:var(--wp--preset--spacing--60);padding-right:0;padding-bottom:var(--wp--preset--spacing--60);padding-left:0\">\n<div class=\"wp-block-column has-theme-palette-2-color has-text-color has-link-color wp-elements-c8f54540abf70fbcfa4b9fc153d09a0a is-layout-flow wp-block-column-is-layout-flow\">\n<div class=\"wp-block-columns has-theme-palette-1-color has-text-color has-link-color wp-elements-e9165cb5a44f71f820482e4d455d0ddd is-layout-flex wp-container-core-columns-is-layout-d7690ebe wp-block-columns-is-layout-flex\" style=\"border-style:none;border-width:0px;border-top-left-radius:0px;border-top-right-radius:0px;border-bottom-left-radius:0px;border-bottom-right-radius:0px;margin-top:0;margin-bottom:0;padding-top:0;padding-right:var(--wp--preset--spacing--80);padding-bottom:0;padding-left:var(--wp--preset--spacing--80)\">\n<div class=\"wp-block-column has-theme-palette-1-color has-text-color has-link-color wp-elements-24e00820c8f794dda4f2bbf825e15624 is-layout-flow wp-block-column-is-layout-flow\">\n<span class=\"material-symbols-outlined\">auto_awesome<\/span>\n<\/div>\n\n\n\n<div class=\"wp-block-column has-theme-palette-1-color has-text-color has-link-color wp-elements-10cb23ae5d4cc5bf695312540efcc923 is-layout-flow wp-block-column-is-layout-flow\">\n<h3 class=\"wp-block-heading has-text-align-left has-theme-palette-1-color has-text-color has-link-color has-larger-font-size wp-elements-29e18772e961d774ac7becf94fb1c0d7\">Impacto<\/h3>\n<\/div>\n<\/div>\n<\/div>\n<\/div>\n\n\n\n<div class=\"wp-block-columns has-theme-palette-1-color has-text-color has-link-color wp-elements-6e9c958bab71b9bc69fcb0dc08c64fdc is-layout-flex wp-container-core-columns-is-layout-481dce7e wp-block-columns-is-layout-flex\" style=\"border-style:none;border-width:0px;border-top-left-radius:0px;border-top-right-radius:0px;border-bottom-left-radius:0px;border-bottom-right-radius:0px;margin-top:0;margin-bottom:0;padding-top:var(--wp--preset--spacing--60);padding-right:0;padding-bottom:var(--wp--preset--spacing--60);padding-left:0\">\n<div class=\"wp-block-column has-theme-palette-1-color has-text-color has-link-color wp-elements-f9b04cc152781d2b8c258dcf446a5705 is-layout-flow wp-block-column-is-layout-flow\">\n<h1 class=\"wp-block-heading has-text-align-center has-theme-palette-11-color has-text-color has-link-color has-large-font-size wp-elements-74007942e02d76a2dc56c5bb8b2f7bfb\">Ganador Premio H\u00e1bitat<\/h1>\n\n\n\n<p class=\"has-text-align-center\">Por su aporte al desarrollo urbano sostenible y la promoci\u00f3n de movilidad activa en la Universidad de Cuenca.<\/p>\n<\/div>\n\n\n\n<div class=\"wp-block-column has-theme-palette-1-color has-text-color has-link-color wp-elements-3619acf8ce24f3f9b9e361dfe4c735e4 is-layout-flow wp-block-column-is-layout-flow\">\n<h1 class=\"wp-block-heading has-text-align-center has-theme-palette-11-color has-text-color has-link-color has-large-font-size wp-elements-f6d5a3d134f97c54fc48bb9cc2f2190d\">Ganador Premio Olade<\/h1>\n\n\n\n<p class=\"has-text-align-center\">Reconocimiento regional otorgado al proyecto EcoVan MOVER-U, que impulsa soluciones de movilidad el\u00e9ctrica y sostenible dentro del campus universitario.<\/p>\n<\/div>\n\n\n\n<div class=\"wp-block-column has-theme-palette-1-color has-text-color has-link-color wp-elements-33e3edbbba753122fc5fdbdf65d6c14f is-layout-flow wp-block-column-is-layout-flow\">\n<h1 class=\"wp-block-heading has-text-align-center has-theme-palette-11-color has-text-color has-link-color has-large-font-size wp-elements-ad6d01547fd8c2c0625f029889c2bd29\">Procesos formativos<\/h1>\n\n\n\n<p class=\"has-text-align-center\">Cursos de iniciaci\u00f3n al ciclismo, talleres comunitarios y actividades educativas sobre movilidad activa.<\/p>\n<\/div>\n<\/div>\n\n\n\n<hr class=\"wp-block-separator has-text-color has-theme-palette-10-color has-alpha-channel-opacity has-theme-palette-10-background-color has-background is-style-wide\" style=\"margin-top:var(--wp--preset--spacing--70);margin-bottom:var(--wp--preset--spacing--70)\"\/>\n<\/div><\/div>\n","protected":false},"excerpt":{"rendered":"<p>\u00bfQu\u00e9 es? MOVER-U es un programa impulsado por la Universidad de Cuenca que busca fomentar una cultura de movilidad sostenible dentro de la comunidad universitaria y en la ciudad. A trav\u00e9s de cursos de ciclismo urbano, recorridos colectivos y campa\u00f1as de comunicaci\u00f3n, el proyecto promueve el uso de la bicicleta como medio de transporte seguro,&#8230;<\/p>\n","protected":false},"author":1,"featured_media":0,"parent":12,"menu_order":0,"comment_status":"closed","ping_status":"closed","template":"","meta":{"_kadence_starter_templates_imported_post":false,"_kad_post_transparent":"","_kad_post_title":"","_kad_post_layout":"","_kad_post_sidebar_id":"","_kad_post_content_style":"","_kad_post_vertical_padding":"","_kad_post_feature":"","_kad_post_feature_position":"","_kad_post_header":false,"_kad_post_footer":false,"_kad_post_classname":"","footnotes":""},"class_list":["post-370","page","type-page","status-publish","hentry"],"_links":{"self":[{"href":"https:\/\/franciscoordonez.net\/index.php\/wp-json\/wp\/v2\/pages\/370","targetHints":{"allow":["GET"]}}],"collection":[{"href":"https:\/\/franciscoordonez.net\/index.php\/wp-json\/wp\/v2\/pages"}],"about":[{"href":"https:\/\/franciscoordonez.net\/index.php\/wp-json\/wp\/v2\/types\/page"}],"author":[{"embeddable":true,"href":"https:\/\/franciscoordonez.net\/index.php\/wp-json\/wp\/v2\/users\/1"}],"replies":[{"embeddable":true,"href":"https:\/\/franciscoordonez.net\/index.php\/wp-json\/wp\/v2\/comments?post=370"}],"version-history":[{"count":25,"href":"https:\/\/franciscoordonez.net\/index.php\/wp-json\/wp\/v2\/pages\/370\/revisions"}],"predecessor-version":[{"id":493,"href":"https:\/\/franciscoordonez.net\/index.php\/wp-json\/wp\/v2\/pages\/370\/revisions\/493"}],"up":[{"embeddable":true,"href":"https:\/\/franciscoordonez.net\/index.php\/wp-json\/wp\/v2\/pages\/12"}],"wp:attachment":[{"href":"https:\/\/franciscoordonez.net\/index.php\/wp-json\/wp\/v2\/media?parent=370"}],"curies":[{"name":"wp","href":"https:\/\/api.w.org\/{rel}","templated":true}]}}