{"id":296,"date":"2026-03-15T13:54:23","date_gmt":"2026-03-15T18:54:23","guid":{"rendered":"https:\/\/franciscoordonez.net\/?page_id=296"},"modified":"2026-03-16T10:49:15","modified_gmt":"2026-03-16T15:49:15","slug":"festival-epicentro-cultural","status":"publish","type":"page","link":"https:\/\/franciscoordonez.net\/index.php\/proyectos\/festival-epicentro-cultural\/","title":{"rendered":"Festival Epicentro Cultural"},"content":{"rendered":"\n<div class=\"wp-block-group alignfull\"><div class=\"wp-block-group__inner-container is-layout-constrained wp-block-group-is-layout-constrained\">\n<div class=\"wp-block-cover alignfull is-light\" style=\"min-height:545px;aspect-ratio:unset;\"><video class=\"wp-block-cover__video-background intrinsic-ignore\" autoplay muted loop playsinline src=\"https:\/\/franciscoordonez.net\/wp-content\/uploads\/2026\/03\/fecIIanimacion-720.mp4\" poster=\"https:\/\/franciscoordonez.net\/wp-content\/uploads\/2026\/03\/fecIIanimacion-720.mp4\" style=\"object-position:44% 55%\" data-object-fit=\"cover\" data-object-position=\"44% 55%\"><\/video><span aria-hidden=\"true\" class=\"wp-block-cover__background has-background-dim\" style=\"background-color:#000000\"><\/span><div class=\"wp-block-cover__inner-container is-layout-flow wp-block-cover-is-layout-flow\">\n<h2 class=\"wp-block-heading alignwide has-white-color has-text-color\" style=\"font-size:48px;line-height:1.2\">Festival Epicentro Cultural<\/h2>\n\n\n\n<h2 class=\"wp-block-heading has-theme-palette-10-color has-text-color has-link-color wp-elements-506ce70274ce97e0a35584e076444a91\">Festival Cultural de la Universidad de Cuenca<\/h2>\n\n\n\n<div class=\"wp-block-columns alignwide is-layout-flex wp-container-core-columns-is-layout-9d6595d7 wp-block-columns-is-layout-flex\">\n<div class=\"wp-block-column is-layout-flow wp-block-column-is-layout-flow\" style=\"flex-basis:60%\">\n<p class=\"has-text-color\" style=\"color:#ffffff\">Evento cultural interdisciplinario desarrollado en las casas patrimoniales del barrio El Vado que conecta a la universidad con la comunidad a trav\u00e9s de arte, m\u00fasica, cine y actividades formativas.<\/p>\n<\/div>\n\n\n\n<div class=\"wp-block-column is-layout-flow wp-block-column-is-layout-flow\"><\/div>\n<\/div>\n<\/div><\/div>\n<\/div><\/div>\n\n\n\n<div class=\"wp-block-columns has-theme-palette-1-color has-text-color has-link-color wp-elements-75359efac5358535e011c8d8b0dabeed is-layout-flex wp-container-core-columns-is-layout-481dce7e wp-block-columns-is-layout-flex\" style=\"border-style:none;border-width:0px;border-top-left-radius:0px;border-top-right-radius:0px;border-bottom-left-radius:0px;border-bottom-right-radius:0px;margin-top:0;margin-bottom:0;padding-top:var(--wp--preset--spacing--60);padding-right:0;padding-bottom:var(--wp--preset--spacing--60);padding-left:0\">\n<div class=\"wp-block-column has-theme-palette-1-color has-text-color has-link-color wp-elements-1b755bc0c35cad9d59d24c1264abc87f is-layout-flow wp-block-column-is-layout-flow\">\n<figure class=\"wp-block-image size-full\"><img decoding=\"async\" width=\"1385\" height=\"1485\" src=\"https:\/\/franciscoordonez.net\/wp-content\/uploads\/2026\/03\/iifec-collage-2.jpg\" alt=\"\" class=\"wp-image-307\"\/><\/figure>\n<\/div>\n\n\n\n<div class=\"wp-block-column is-vertically-aligned-center has-theme-palette-1-color has-text-color has-link-color wp-elements-123dc6ecb1b46271c072df62e3063da6 is-layout-flow wp-block-column-is-layout-flow\">\n<h3 class=\"wp-block-heading has-text-align-left has-theme-palette-1-color has-text-color has-link-color has-larger-font-size wp-elements-49679ea99f719d90b33d0a85801b8240\">\u00bfQu\u00e9 es?<\/h3>\n\n\n\n<p class=\"has-text-align-left\">El <strong>Festival Epicentro Cultural<\/strong> es un espacio de encuentro que busca activar las casas patrimoniales del Epicentro Cultural de la Universidad de Cuenca y fortalecer el v\u00ednculo entre la comunidad universitaria, artistas locales y ciudadan\u00eda. La programaci\u00f3n incluye talleres, conciertos, exposiciones, recorridos guiados, cine al aire libre y ferias culturales, generando un entorno de intercambio creativo en el barrio El Vado.<\/p>\n\n\n\n<p class=\"has-text-align-left\">Durante su segunda edici\u00f3n se desarrollaron m\u00e1s de <strong>40 actividades culturales gratuitas<\/strong>, distribuidas entre diferentes espacios patrimoniales y espacios p\u00fablicos del sector.<\/p>\n<\/div>\n<\/div>\n\n\n\n<hr class=\"wp-block-separator has-css-opacity is-style-wide\" style=\"margin-top:var(--wp--preset--spacing--40);margin-bottom:var(--wp--preset--spacing--40)\"\/>\n\n\n\n<div class=\"wp-block-group\"><div class=\"wp-block-group__inner-container is-layout-constrained wp-block-group-is-layout-constrained\">\n<div class=\"wp-block-columns is-layout-flex wp-container-core-columns-is-layout-481dce7e wp-block-columns-is-layout-flex\" style=\"border-style:none;border-width:0px;border-top-left-radius:0px;border-top-right-radius:0px;border-bottom-left-radius:0px;border-bottom-right-radius:0px;margin-top:0;margin-bottom:0;padding-top:var(--wp--preset--spacing--60);padding-right:0;padding-bottom:var(--wp--preset--spacing--60);padding-left:0\">\n<div class=\"wp-block-column has-theme-palette-2-color has-text-color has-link-color wp-elements-e8b4f58e6923d80e431ed96df299a3aa is-layout-flow wp-block-column-is-layout-flow\">\n<h1 class=\"wp-block-heading has-text-align-center has-theme-palette-1-color has-text-color has-link-color has-larger-font-size wp-elements-dee8db3314fb5317f547ddb565c7d218\">Mi rol en el proyecto<\/h1>\n<\/div>\n<\/div>\n\n\n\n<div class=\"wp-block-columns has-theme-palette-1-color has-text-color has-link-color wp-elements-b7a52e75ac862fb7b6bd50faf4683383 is-layout-flex wp-container-core-columns-is-layout-481dce7e wp-block-columns-is-layout-flex\" style=\"border-style:none;border-width:0px;border-top-left-radius:0px;border-top-right-radius:0px;border-bottom-left-radius:0px;border-bottom-right-radius:0px;margin-top:0;margin-bottom:0;padding-top:var(--wp--preset--spacing--60);padding-right:0;padding-bottom:var(--wp--preset--spacing--60);padding-left:0\">\n<div class=\"wp-block-column has-theme-palette-1-color has-text-color has-link-color wp-elements-6a950ef1c5b9cb8f713d861159b7681c is-layout-flow wp-block-column-is-layout-flow\">\n<span class=\"material-symbols-outlined\">insights<\/span>\n\n\n\n<h3 class=\"wp-block-heading has-text-align-center\">Estrategia<\/h3>\n\n\n\n<p class=\"has-text-align-center\">Estrategia de comunicaci\u00f3n y contenidos para redes sociales<\/p>\n<\/div>\n\n\n\n<div class=\"wp-block-column has-theme-palette-1-color has-text-color has-link-color wp-elements-21a9c0f6f33a4bdfc166a551cddbc491 is-layout-flow wp-block-column-is-layout-flow\">\n<span class=\"material-symbols-outlined\">palette<\/span>\n\n\n\n<h3 class=\"wp-block-heading has-text-align-center\">Branding<\/h3>\n\n\n\n<p class=\"has-text-align-center\">Conceptualizaci\u00f3n y dise\u00f1o de la l\u00ednea gr\u00e1fica<\/p>\n<\/div>\n\n\n\n<div class=\"wp-block-column has-theme-palette-1-color has-text-color has-link-color wp-elements-d6100d72935f517bb2e57887d40dbbe5 is-layout-flow wp-block-column-is-layout-flow\">\n<span class=\"material-symbols-outlined\">videocam<\/span>\n\n\n\n<h3 class=\"wp-block-heading has-text-align-center\">Audiovisual<\/h3>\n\n\n\n<p class=\"has-text-align-center\">Producci\u00f3n y desarrollo de contenidos audiovisuales<\/p>\n<\/div>\n<\/div>\n\n\n\n<hr class=\"wp-block-separator has-css-opacity is-style-wide\" style=\"margin-top:var(--wp--preset--spacing--70);margin-bottom:var(--wp--preset--spacing--70)\"\/>\n<\/div><\/div>\n\n\n\n<div class=\"wp-block-columns are-vertically-aligned-center is-layout-flex wp-container-core-columns-is-layout-ed5226f6 wp-block-columns-is-layout-flex\" style=\"padding-right:0;padding-left:0\">\n<div class=\"wp-block-column is-vertically-aligned-center is-layout-flow wp-block-column-is-layout-flow\">\n<figure class=\"wp-block-video video-proyecto-vertical\"><video height=\"720\" style=\"aspect-ratio: 1080 \/ 720;\" width=\"1080\" controls src=\"https:\/\/franciscoordonez.net\/wp-content\/uploads\/2026\/03\/fecIIanimacion-720.mp4\"><\/video><\/figure>\n<\/div>\n\n\n\n<div class=\"wp-block-column is-vertically-aligned-center is-layout-flow wp-block-column-is-layout-flow\">\n<h2 class=\"wp-block-heading\">Concepto visual del festival<\/h2>\n\n\n\n<p>La l\u00ednea gr\u00e1fica del festival se desarroll\u00f3 a partir de <strong>composiciones tipo collage<\/strong>, combinando fotograf\u00eda urbana del barrio El Vado con elementos visuales vinculados a distintas disciplinas art\u00edsticas.<\/p>\n\n\n\n<p>El objetivo fue construir una identidad visual que transmitiera:<\/p>\n\n\n\n<ul class=\"wp-block-list\">\n<li>diversidad cultural<\/li>\n\n\n\n<li>experimentaci\u00f3n art\u00edstica<\/li>\n\n\n\n<li>sentido de pertenencia entre la universidad y la ciudad<\/li>\n<\/ul>\n\n\n\n<p>Las piezas utilizan contrastes entre im\u00e1genes reales, texturas de papel y elementos simb\u00f3licos para representar la multiplicidad de lenguajes presentes en el festival.<\/p>\n\n\n\n<div class=\"wp-block-buttons is-content-justification-right is-layout-flex wp-container-core-buttons-is-layout-765c4724 wp-block-buttons-is-layout-flex\">\n<div class=\"wp-block-button has-custom-width wp-block-button__width-50 is-style-fill\"><a class=\"wp-block-button__link wp-element-button\" href=\"https:\/\/franciscoordonez.net\/wp-content\/uploads\/2026\/03\/Agenda-digital-IIFEC-V6.3_compressed.pdf\" target=\"_blank\" rel=\"noreferrer noopener\">Agenda<\/a><\/div>\n<\/div>\n<\/div>\n<\/div>\n\n\n\n<div class=\"wp-block-gutsliders-photo-carousel gutslider-7870afa6 nav_outside nav_cc has__pagination portfolio-slider\" data-swiper-options=\"{&quot;slidesPerView&quot;:1,&quot;spaceBetween&quot;:0,&quot;loop&quot;:true,&quot;autoplay&quot;:false,&quot;speed&quot;:800,&quot;effect&quot;:&quot;slide&quot;,&quot;keyboard&quot;:{&quot;enabled&quot;:false},&quot;mousewheel&quot;:false,&quot;breakpoints&quot;:{&quot;320&quot;:{&quot;slidesPerView&quot;:1,&quot;spaceBetween&quot;:0},&quot;768&quot;:{&quot;slidesPerView&quot;:2,&quot;spaceBetween&quot;:15},&quot;1025&quot;:{&quot;slidesPerView&quot;:&quot;2&quot;,&quot;spaceBetween&quot;:15}},&quot;navigation&quot;:{&quot;nextEl&quot;:&quot;.gutslider-7870afa6 .swiper-button-next&quot;,&quot;prevEl&quot;:&quot;.gutslider-7870afa6 .swiper-button-prev&quot;},&quot;pagination&quot;:{&quot;el&quot;:&quot;.gutslider-7870afa6 .swiper-pagination&quot;,&quot;type&quot;:&quot;bullets&quot;,&quot;dynamicBullets&quot;:false,&quot;clickable&quot;:true}}\"><div class=\"swiper\"><div class=\"swiper-wrapper\"><div class=\"swiper-slide\"><div class=\"swiper-container-outer none\"><img decoding=\"async\" src=\"https:\/\/franciscoordonez.net\/wp-content\/uploads\/2026\/03\/final-Convocatoria-a-bandas-Recuperado-FINALISIMO_Mesa-de-trabajo-1-copia-3_Mesa-de-trabajo-1-copia-3.jpg\" alt=\"\"\/><\/div><\/div><div class=\"swiper-slide\"><div class=\"swiper-container-outer none\"><img decoding=\"async\" src=\"https:\/\/franciscoordonez.net\/wp-content\/uploads\/2026\/03\/Cicleada-fotografica_Mesa-de-trabajo-1-copia-2.jpg\" alt=\"\"\/><\/div><\/div><div class=\"swiper-slide\"><div class=\"swiper-container-outer none\"><img decoding=\"async\" src=\"https:\/\/franciscoordonez.net\/wp-content\/uploads\/2026\/03\/Dejando-el-limbo_Mesa-de-trabajo-1.jpg\" alt=\"\"\/><\/div><\/div><div class=\"swiper-slide\"><div class=\"swiper-container-outer none\"><img decoding=\"async\" src=\"https:\/\/franciscoordonez.net\/wp-content\/uploads\/2026\/03\/Feria-de-emprendimientos-estudiantiles-artesanias_PRUEBA-FERIA-ESTUDIANTIL.jpg\" alt=\"\"\/><\/div><\/div><div class=\"swiper-slide\"><div class=\"swiper-container-outer none\"><img decoding=\"async\" src=\"https:\/\/franciscoordonez.net\/wp-content\/uploads\/2026\/03\/ecu-vs-brasil-cine-finales-02.jpg\" alt=\"\"\/><\/div><\/div><div class=\"swiper-slide\"><div class=\"swiper-container-outer none\"><img decoding=\"async\" src=\"https:\/\/franciscoordonez.net\/wp-content\/uploads\/2026\/03\/Expresiones-y-sentires_Mesa-de-trabajo-1.jpg\" alt=\"\"\/><\/div><\/div><\/div><\/div><div class=\"swiper-pagination\"><\/div><div class=\"gutslider-nav nav_outside nav_cc\"><div class=\"swiper-button-prev\"><\/div><div class=\"swiper-button-next\"><\/div><\/div><\/div>\n\n\n\n<hr class=\"wp-block-separator has-css-opacity is-style-wide\" style=\"margin-top:var(--wp--preset--spacing--70);margin-bottom:var(--wp--preset--spacing--70)\"\/>\n\n\n\n<div class=\"wp-block-columns are-vertically-aligned-center is-layout-flex wp-container-core-columns-is-layout-ed5226f6 wp-block-columns-is-layout-flex\" style=\"padding-right:0;padding-left:0\">\n<div class=\"wp-block-column is-vertically-aligned-center is-layout-flow wp-block-column-is-layout-flow\">\n<figure class=\"wp-block-video video-proyecto-vertical\"><video height=\"720\" style=\"aspect-ratio: 720 \/ 720;\" width=\"720\" autoplay controls muted src=\"https:\/\/franciscoordonez.net\/wp-content\/uploads\/2026\/03\/Cutin-FEC.mp4\" playsinline><\/video><\/figure>\n<\/div>\n\n\n\n<div class=\"wp-block-column is-vertically-aligned-center is-layout-flow wp-block-column-is-layout-flow\">\n<h2 class=\"wp-block-heading\">Contenidos audiovisuales<\/h2>\n\n\n\n<p>Producci\u00f3n de piezas audiovisuales para la promoci\u00f3n del festival, utilizando storytelling basado en acciones y micro-relatos visuales.<br><br>Se desarrollaron videos promocionales, contenidos tipo blog y piezas con est\u00e9tica fake user generated content, priorizando formatos org\u00e1nicos que favorecen la interacci\u00f3n en redes.<\/p>\n<\/div>\n<\/div>\n\n\n\n<div class=\"wp-block-columns is-layout-flex wp-container-core-columns-is-layout-9d6595d7 wp-block-columns-is-layout-flex\">\n<div class=\"wp-block-column is-layout-flow wp-block-column-is-layout-flow\">\n<figure class=\"wp-block-video video-proyecto-vertical\"><video height=\"720\" style=\"aspect-ratio: 1080 \/ 720;\" width=\"1080\" controls src=\"https:\/\/franciscoordonez.net\/wp-content\/uploads\/2026\/03\/Tease-Fec-V2.mp4\"><\/video><\/figure>\n<\/div>\n\n\n\n<div class=\"wp-block-column is-layout-flow wp-block-column-is-layout-flow\">\n<figure class=\"wp-block-video video-proyecto-vertical\"><video height=\"720\" style=\"aspect-ratio: 1080 \/ 720;\" width=\"1080\" controls src=\"https:\/\/franciscoordonez.net\/wp-content\/uploads\/2026\/03\/IIFECpromo2.mp4\"><\/video><\/figure>\n<\/div>\n\n\n\n<div class=\"wp-block-column is-layout-flow wp-block-column-is-layout-flow\">\n<figure class=\"wp-block-video video-proyecto-vertical\"><video height=\"720\" style=\"aspect-ratio: 720 \/ 720;\" width=\"720\" controls src=\"https:\/\/franciscoordonez.net\/wp-content\/uploads\/2026\/03\/Vlog-Fec-V2.mp4\"><\/video><\/figure>\n<\/div>\n<\/div>\n\n\n\n<hr class=\"wp-block-separator has-css-opacity is-style-wide\" style=\"margin-top:var(--wp--preset--spacing--70);margin-bottom:var(--wp--preset--spacing--70)\"\/>\n\n\n\n<div class=\"wp-block-group\"><div class=\"wp-block-group__inner-container is-layout-constrained wp-block-group-is-layout-constrained\">\n<div class=\"wp-block-columns is-layout-flex wp-container-core-columns-is-layout-481dce7e wp-block-columns-is-layout-flex\" style=\"border-style:none;border-width:0px;border-top-left-radius:0px;border-top-right-radius:0px;border-bottom-left-radius:0px;border-bottom-right-radius:0px;margin-top:0;margin-bottom:0;padding-top:var(--wp--preset--spacing--60);padding-right:0;padding-bottom:var(--wp--preset--spacing--60);padding-left:0\">\n<div class=\"wp-block-column has-theme-palette-2-color has-text-color has-link-color wp-elements-c8f54540abf70fbcfa4b9fc153d09a0a is-layout-flow wp-block-column-is-layout-flow\">\n<div class=\"wp-block-columns has-theme-palette-1-color has-text-color has-link-color wp-elements-e9165cb5a44f71f820482e4d455d0ddd is-layout-flex wp-container-core-columns-is-layout-d7690ebe wp-block-columns-is-layout-flex\" style=\"border-style:none;border-width:0px;border-top-left-radius:0px;border-top-right-radius:0px;border-bottom-left-radius:0px;border-bottom-right-radius:0px;margin-top:0;margin-bottom:0;padding-top:0;padding-right:var(--wp--preset--spacing--80);padding-bottom:0;padding-left:var(--wp--preset--spacing--80)\">\n<div class=\"wp-block-column has-theme-palette-1-color has-text-color has-link-color wp-elements-24e00820c8f794dda4f2bbf825e15624 is-layout-flow wp-block-column-is-layout-flow\">\n<span class=\"material-symbols-outlined\">auto_awesome<\/span>\n<\/div>\n\n\n\n<div class=\"wp-block-column has-theme-palette-1-color has-text-color has-link-color wp-elements-10cb23ae5d4cc5bf695312540efcc923 is-layout-flow wp-block-column-is-layout-flow\">\n<h3 class=\"wp-block-heading has-text-align-left has-theme-palette-1-color has-text-color has-link-color has-larger-font-size wp-elements-29e18772e961d774ac7becf94fb1c0d7\">Impacto<\/h3>\n<\/div>\n<\/div>\n<\/div>\n<\/div>\n\n\n\n<div class=\"wp-block-columns has-theme-palette-1-color has-text-color has-link-color wp-elements-eb642c8fb1888ad27e56542d8db62b29 is-layout-flex wp-container-core-columns-is-layout-481dce7e wp-block-columns-is-layout-flex\" style=\"border-style:none;border-width:0px;border-top-left-radius:0px;border-top-right-radius:0px;border-bottom-left-radius:0px;border-bottom-right-radius:0px;margin-top:0;margin-bottom:0;padding-top:var(--wp--preset--spacing--60);padding-right:0;padding-bottom:var(--wp--preset--spacing--60);padding-left:0\">\n<div class=\"wp-block-column has-theme-palette-1-color has-text-color has-link-color wp-elements-f71a227a04d42e4bb4f75025108c47f7 is-layout-flow wp-block-column-is-layout-flow\">\n<h1 class=\"wp-block-heading has-text-align-center has-theme-palette-11-color has-text-color has-link-color has-large-font-size wp-elements-06da0abde393b699b2610a546ee612d9\">+1200 <br>asistentes<\/h1>\n\n\n\n<p class=\"has-text-align-center\">Participaci\u00f3n ciudadana durante los tres d\u00edas del festival.<\/p>\n<\/div>\n\n\n\n<div class=\"wp-block-column has-theme-palette-1-color has-text-color has-link-color wp-elements-6b13ffb77d3f610dc3d29ed4f6cfeab7 is-layout-flow wp-block-column-is-layout-flow\">\n<h1 class=\"wp-block-heading has-text-align-center has-theme-palette-11-color has-text-color has-link-color has-large-font-size wp-elements-599d5de5bfec63192f9d5932df226d17\">40+ <br>actividades<\/h1>\n\n\n\n<p class=\"has-text-align-center\">Talleres, conciertos, cine, recorridos guiados y exposiciones.<\/p>\n<\/div>\n\n\n\n<div class=\"wp-block-column has-theme-palette-1-color has-text-color has-link-color wp-elements-83f8716b00eeecb5c227589a9ea8f27f is-layout-flow wp-block-column-is-layout-flow\">\n<h1 class=\"wp-block-heading has-text-align-center has-theme-palette-11-color has-text-color has-link-color has-large-font-size wp-elements-65e373c4a249a57f136f403f2c667e97\">+565 <br>seguidores<\/h1>\n\n\n\n<p class=\"has-text-align-center\">Incremento de seguidores e interacciones durante la campa\u00f1a org\u00e1nica.<\/p>\n<\/div>\n<\/div>\n\n\n\n<hr class=\"wp-block-separator has-text-color has-theme-palette-10-color has-alpha-channel-opacity has-theme-palette-10-background-color has-background is-style-wide\" style=\"margin-top:var(--wp--preset--spacing--70);margin-bottom:var(--wp--preset--spacing--70)\"\/>\n<\/div><\/div>\n","protected":false},"excerpt":{"rendered":"<p>\u00bfQu\u00e9 es? El Festival Epicentro Cultural es un espacio de encuentro que busca activar las casas patrimoniales del Epicentro Cultural de la Universidad de Cuenca y fortalecer el v\u00ednculo entre la comunidad universitaria, artistas locales y ciudadan\u00eda. La programaci\u00f3n incluye talleres, conciertos, exposiciones, recorridos guiados, cine al aire libre y ferias culturales, generando un entorno&#8230;<\/p>\n","protected":false},"author":1,"featured_media":0,"parent":12,"menu_order":0,"comment_status":"closed","ping_status":"closed","template":"","meta":{"_kadence_starter_templates_imported_post":false,"_kad_post_transparent":"","_kad_post_title":"","_kad_post_layout":"","_kad_post_sidebar_id":"","_kad_post_content_style":"","_kad_post_vertical_padding":"default","_kad_post_feature":"","_kad_post_feature_position":"","_kad_post_header":false,"_kad_post_footer":false,"_kad_post_classname":"","footnotes":""},"class_list":["post-296","page","type-page","status-publish","hentry"],"_links":{"self":[{"href":"https:\/\/franciscoordonez.net\/index.php\/wp-json\/wp\/v2\/pages\/296","targetHints":{"allow":["GET"]}}],"collection":[{"href":"https:\/\/franciscoordonez.net\/index.php\/wp-json\/wp\/v2\/pages"}],"about":[{"href":"https:\/\/franciscoordonez.net\/index.php\/wp-json\/wp\/v2\/types\/page"}],"author":[{"embeddable":true,"href":"https:\/\/franciscoordonez.net\/index.php\/wp-json\/wp\/v2\/users\/1"}],"replies":[{"embeddable":true,"href":"https:\/\/franciscoordonez.net\/index.php\/wp-json\/wp\/v2\/comments?post=296"}],"version-history":[{"count":48,"href":"https:\/\/franciscoordonez.net\/index.php\/wp-json\/wp\/v2\/pages\/296\/revisions"}],"predecessor-version":[{"id":491,"href":"https:\/\/franciscoordonez.net\/index.php\/wp-json\/wp\/v2\/pages\/296\/revisions\/491"}],"up":[{"embeddable":true,"href":"https:\/\/franciscoordonez.net\/index.php\/wp-json\/wp\/v2\/pages\/12"}],"wp:attachment":[{"href":"https:\/\/franciscoordonez.net\/index.php\/wp-json\/wp\/v2\/media?parent=296"}],"curies":[{"name":"wp","href":"https:\/\/api.w.org\/{rel}","templated":true}]}}