{"id":14,"date":"2026-03-14T20:58:13","date_gmt":"2026-03-15T01:58:13","guid":{"rendered":"https:\/\/franciscoordonez.net\/?page_id=14"},"modified":"2026-04-29T11:58:44","modified_gmt":"2026-04-29T16:58:44","slug":"sobre-mi","status":"publish","type":"page","link":"https:\/\/franciscoordonez.net\/index.php\/sobre-mi\/","title":{"rendered":"Sobre m\u00ed"},"content":{"rendered":"\n<div class=\"wp-block-columns is-layout-flex wp-container-core-columns-is-layout-ed5226f6 wp-block-columns-is-layout-flex\" style=\"padding-right:0;padding-left:0\">\n<div class=\"wp-block-column is-vertically-aligned-center is-layout-flow wp-block-column-is-layout-flow\">\n<figure class=\"wp-block-image size-full\"><img decoding=\"async\" width=\"1080\" height=\"1200\" src=\"https:\/\/franciscoordonez.net\/wp-content\/uploads\/2026\/03\/jfou-Web-portafolio-v3.jpg\" alt=\"\" class=\"wp-image-248\" style=\"aspect-ratio:3\/4;object-fit:cover\"\/><\/figure>\n<\/div>\n\n\n\n<div class=\"wp-block-column is-vertically-aligned-center is-layout-flow wp-block-column-is-layout-flow\">\n<h2 class=\"wp-block-heading\">Biograf\u00eda<\/h2>\n\n\n\n<p>Soy comunicador y dise\u00f1ador multimedia enfocado en <strong>narrativa audiovisual y comunicaci\u00f3n cultural<\/strong>. Mi trabajo se sit\u00faa en la intersecci\u00f3n entre cine, dise\u00f1o y storytelling, explorando c\u00f3mo las historias locales pueden transformarse en contenidos visuales que conecten cultura, territorio y comunidad.<\/p>\n\n\n\n<p>Estudi\u00e9 <strong>Comunicaci\u00f3n en la Universidad de Cuenca<\/strong>, donde fui reconocido con el <strong>Premio Benigno Malo al mejor egresado de la carrera<\/strong>, y a la par curs\u00e9 <strong>Dise\u00f1o, Animaci\u00f3n y Arte Digital en el IGAD Universitario<\/strong>. Actualmente contin\u00fao mi formaci\u00f3n acad\u00e9mica con una <strong>Maestr\u00eda en Dise\u00f1o y Producci\u00f3n Multimedia en la Universidad Internacional de La Rioja (UNIR)<\/strong>.<\/p>\n\n\n\n<p>A lo largo de mi trabajo he colaborado con <strong>instituciones culturales, universidades, festivales y proyectos sociales<\/strong>, desarrollando estrategias de comunicaci\u00f3n, piezas audiovisuales y contenidos digitales que amplifican voces y experiencias desde el territorio.<\/p>\n\n\n\n<div class=\"wp-block-buttons is-content-justification-right is-layout-flex wp-container-core-buttons-is-layout-765c4724 wp-block-buttons-is-layout-flex\">\n<div class=\"wp-block-button has-custom-width wp-block-button__width-50 is-style-fill\"><a class=\"wp-block-button__link wp-element-button\" href=\"https:\/\/franciscoordonez.net\/wp-content\/uploads\/2026\/03\/CV-Jose_Francisco_Ordonez_Urgiles.pdf\" target=\"_blank\" rel=\"noreferrer noopener\">Descargar CV<\/a><\/div>\n<\/div>\n<\/div>\n<\/div>\n\n\n\n<hr class=\"wp-block-separator has-css-opacity is-style-wide\" style=\"margin-top:var(--wp--preset--spacing--40);margin-bottom:var(--wp--preset--spacing--40)\"\/>\n\n\n\n<div class=\"wp-block-columns is-layout-flex wp-container-core-columns-is-layout-481dce7e wp-block-columns-is-layout-flex\" style=\"border-style:none;border-width:0px;border-top-left-radius:0px;border-top-right-radius:0px;border-bottom-left-radius:0px;border-bottom-right-radius:0px;margin-top:0;margin-bottom:0;padding-top:var(--wp--preset--spacing--60);padding-right:0;padding-bottom:var(--wp--preset--spacing--60);padding-left:0\">\n<div class=\"wp-block-column has-theme-palette-2-color has-text-color has-link-color wp-elements-6850a09fc8f8156f9ec33d8ec582421f is-layout-flow wp-block-column-is-layout-flow\">\n<h1 class=\"wp-block-heading has-text-align-center has-theme-palette-1-color has-text-color has-link-color has-larger-font-size wp-elements-f2c3d89e689bbb1b9772cc06dd02dac6\">Logros y reconocimientos<\/h1>\n<\/div>\n<\/div>\n\n\n\n<div class=\"wp-block-columns has-theme-palette-1-color has-text-color has-link-color wp-elements-4aadf308da1097c248bf380323006435 is-layout-flex wp-container-core-columns-is-layout-481dce7e wp-block-columns-is-layout-flex\" style=\"border-style:none;border-width:0px;border-top-left-radius:0px;border-top-right-radius:0px;border-bottom-left-radius:0px;border-bottom-right-radius:0px;margin-top:0;margin-bottom:0;padding-top:var(--wp--preset--spacing--60);padding-right:0;padding-bottom:var(--wp--preset--spacing--60);padding-left:0\">\n<div class=\"wp-block-column has-theme-palette-1-color has-text-color has-link-color wp-elements-20e8ecb0521fba00f3fa16086eeac3c5 is-layout-flow wp-block-column-is-layout-flow\">\n<span class=\"material-symbols-outlined\">workspace_premium<\/span>\n\n\n\n<h3 class=\"wp-block-heading has-text-align-center\">Premio Benigno Malo<\/h3>\n\n\n\n<p class=\"has-text-align-center\">Reconocimiento al mejor egresado de la carrera por excelencia acad\u00e9mica.<br><strong>Universidad de Cuenca<\/strong><\/p>\n<\/div>\n\n\n\n<div class=\"wp-block-column has-theme-palette-1-color has-text-color has-link-color wp-elements-fb1eb80e92072458af3733a1ba99c4fc is-layout-flow wp-block-column-is-layout-flow\">\n<span class=\"material-symbols-outlined\">movie<\/span>\n\n\n\n<h3 class=\"wp-block-heading has-text-align-center\">Festival de Cine \u00abLa Fanesca\u00bb<\/h3>\n\n\n\n<p class=\"has-text-align-center\">Segundo lugar en festival audiovisual dedicado a la creaci\u00f3n cinematogr\u00e1fica y cultura ecuatoriana.<br><strong>Udla<\/strong><\/p>\n<\/div>\n<\/div>\n\n\n\n<div class=\"wp-block-columns has-theme-palette-1-color has-text-color has-link-color wp-elements-24a211975eabcaf0bc226dc43a364c37 is-layout-flex wp-container-core-columns-is-layout-481dce7e wp-block-columns-is-layout-flex\" style=\"border-style:none;border-width:0px;border-top-left-radius:0px;border-top-right-radius:0px;border-bottom-left-radius:0px;border-bottom-right-radius:0px;margin-top:0;margin-bottom:0;padding-top:var(--wp--preset--spacing--60);padding-right:0;padding-bottom:var(--wp--preset--spacing--60);padding-left:0\">\n<div class=\"wp-block-column has-theme-palette-1-color has-text-color has-link-color wp-elements-71d143e9cf732d2874fdee3216e54908 is-layout-flow wp-block-column-is-layout-flow\">\n<span class=\"material-symbols-outlined\">school<\/span>\n\n\n\n<h3 class=\"wp-block-heading has-text-align-center\">Estudiante Honores Vanguardia<\/h3>\n\n\n\n<p class=\"has-text-align-center\">Distinci\u00f3n por rendimiento acad\u00e9mico sobresaliente y participaci\u00f3n estudiantil destacada.<br><strong>Universidad de Cuenca<\/strong><\/p>\n<\/div>\n\n\n\n<div class=\"wp-block-column has-theme-palette-1-color has-text-color has-link-color wp-elements-0af56068c9d3077187b5beb6533b3ba2 is-layout-flow wp-block-column-is-layout-flow\">\n<span class=\"material-symbols-outlined\">mic<\/span>\n\n\n\n<h3 class=\"wp-block-heading has-text-align-center\">Speaker TedXJoven<\/h3>\n\n\n\n<p class=\"has-text-align-center\">Charla Ted &#8211; \u00abEl poder de la Comunicaci\u00f3n\u00bb (2018)<\/p>\n<\/div>\n<\/div>\n\n\n\n<hr class=\"wp-block-separator has-css-opacity is-style-wide\" style=\"margin-top:var(--wp--preset--spacing--70);margin-bottom:var(--wp--preset--spacing--70)\"\/>\n\n\n\n<div class=\"wp-block-columns is-layout-flex wp-container-core-columns-is-layout-481dce7e wp-block-columns-is-layout-flex\" style=\"border-style:none;border-width:0px;border-top-left-radius:0px;border-top-right-radius:0px;border-bottom-left-radius:0px;border-bottom-right-radius:0px;margin-top:0;margin-bottom:0;padding-top:var(--wp--preset--spacing--60);padding-right:0;padding-bottom:var(--wp--preset--spacing--60);padding-left:0\">\n<div class=\"wp-block-column has-theme-palette-2-color has-text-color has-link-color wp-elements-dc380b90fa61df4c621391ddecc8ea26 is-layout-flow wp-block-column-is-layout-flow\">\n<h1 class=\"wp-block-heading has-text-align-center has-theme-palette-1-color has-text-color has-link-color has-larger-font-size wp-elements-815f3bd0e572a1659bc3405ee10fe4fa\">Formaci\u00f3n acad\u00e9mica<\/h1>\n<\/div>\n<\/div>\n\n\n\n<div class=\"wp-block-columns has-theme-palette-1-color has-text-color has-link-color wp-elements-bf0d39bf592617f0432ace584b41c93b is-layout-flex wp-container-core-columns-is-layout-481dce7e wp-block-columns-is-layout-flex\" style=\"border-style:none;border-width:0px;border-top-left-radius:0px;border-top-right-radius:0px;border-bottom-left-radius:0px;border-bottom-right-radius:0px;margin-top:0;margin-bottom:0;padding-top:var(--wp--preset--spacing--60);padding-right:0;padding-bottom:var(--wp--preset--spacing--60);padding-left:0\">\n<div class=\"wp-block-column has-theme-palette-1-color has-text-color has-link-color wp-elements-c94bc107ff7c078ab2eaf4ac6b1a09ff is-layout-flow wp-block-column-is-layout-flow\">\n<span class=\"material-symbols-outlined\">owl<\/span>\n\n\n\n<h3 class=\"wp-block-heading has-text-align-center\">Comunicaci\u00f3n<\/h3>\n\n\n\n<p class=\"has-text-align-center\">Licenciatura en Comunicaci\u00f3n<br><strong>Universidad de Cuenca<\/strong><\/p>\n<\/div>\n\n\n\n<div class=\"wp-block-column has-theme-palette-1-color has-text-color has-link-color wp-elements-fcf9d3e2c73b0bee02b6395d14eab19f is-layout-flow wp-block-column-is-layout-flow\">\n<span class=\"material-symbols-outlined\">brush<\/span>\n\n\n\n<h3 class=\"wp-block-heading has-text-align-center\">Dise\u00f1o, Animaci\u00f3n y Arte Digital<\/h3>\n\n\n\n<p class=\"has-text-align-center\">Tecnolog\u00eda en dise\u00f1o digital, animaci\u00f3n y producci\u00f3n visual.<br><strong>IGAD Universitario<\/strong><\/p>\n<\/div>\n\n\n\n<div class=\"wp-block-column has-theme-palette-1-color has-text-color has-link-color wp-elements-a9a624bde88141a3580ed39b77286d15 is-layout-flow wp-block-column-is-layout-flow\">\n<span class=\"material-symbols-outlined\">arrow_selector_tool<\/span>\n\n\n\n<h3 class=\"wp-block-heading has-text-align-center\">Maestr\u00eda en Dise\u00f1o y Producci\u00f3n Multimedia<\/h3>\n\n\n\n<p class=\"has-text-align-center\">Estudios de posgrado en curso sobre interactividad y producci\u00f3n multimedia.<br><strong>UNIR<\/strong><\/p>\n<\/div>\n<\/div>\n\n\n\n<hr class=\"wp-block-separator has-css-opacity is-style-wide\" style=\"margin-top:var(--wp--preset--spacing--70);margin-bottom:var(--wp--preset--spacing--70)\"\/>\n\n\n\n<div class=\"wp-block-columns is-layout-flex wp-container-core-columns-is-layout-481dce7e wp-block-columns-is-layout-flex\" style=\"border-style:none;border-width:0px;border-top-left-radius:0px;border-top-right-radius:0px;border-bottom-left-radius:0px;border-bottom-right-radius:0px;margin-top:0;margin-bottom:0;padding-top:var(--wp--preset--spacing--60);padding-right:0;padding-bottom:var(--wp--preset--spacing--60);padding-left:0\">\n<div class=\"wp-block-column has-theme-palette-2-color has-text-color has-link-color wp-elements-b5eee93ad0d380746ac02b8d6532a20d is-layout-flow wp-block-column-is-layout-flow\">\n<h1 class=\"wp-block-heading has-text-align-center has-theme-palette-1-color has-text-color has-link-color has-larger-font-size wp-elements-1fd066834d0bd92ff79c4dfa22e4ec82\">Colaboraciones<\/h1>\n<\/div>\n<\/div>\n\n\n\n<div class=\"wp-block-columns has-theme-palette-1-color has-text-color has-link-color wp-elements-398bec707e386e7477eff6f34913fa61 is-layout-flex wp-container-core-columns-is-layout-481dce7e wp-block-columns-is-layout-flex\" style=\"border-style:none;border-width:0px;border-top-left-radius:0px;border-top-right-radius:0px;border-bottom-left-radius:0px;border-bottom-right-radius:0px;margin-top:0;margin-bottom:0;padding-top:var(--wp--preset--spacing--60);padding-right:0;padding-bottom:var(--wp--preset--spacing--60);padding-left:0\">\n<div class=\"wp-block-column has-theme-palette-1-color has-text-color has-link-color wp-elements-dc94674d1d61a022dd50e174a112da31 is-layout-flow wp-block-column-is-layout-flow\">\n<figure class=\"wp-block-image size-full\"><img decoding=\"async\" width=\"1600\" height=\"617\" src=\"https:\/\/franciscoordonez.net\/wp-content\/uploads\/2026\/03\/Web-portafolio-10.jpg\" alt=\"\" class=\"wp-image-224\"\/><\/figure>\n\n\n\n<h3 class=\"wp-block-heading has-text-align-center\">Universidad de Cuenca<\/h3>\n\n\n\n<p class=\"has-text-align-center\">Proyectos de comunicaci\u00f3n cultural, movilidad sostenible e innovaci\u00f3n.<\/p>\n<\/div>\n\n\n\n<div class=\"wp-block-column has-theme-palette-1-color has-text-color has-link-color wp-elements-493b675c4425fbfc26edc9c7afec97fc is-layout-flow wp-block-column-is-layout-flow\">\n<figure class=\"wp-block-image size-full\"><img decoding=\"async\" width=\"1600\" height=\"617\" src=\"https:\/\/franciscoordonez.net\/wp-content\/uploads\/2026\/03\/Web-portafolio-09.jpg\" alt=\"\" class=\"wp-image-223\"\/><\/figure>\n\n\n\n<h3 class=\"wp-block-heading has-text-align-center\">Trilog\u00eda Agencia de publicidad<\/h3>\n\n\n\n<p class=\"has-text-align-center\">Manejo de marcas comerciales.<\/p>\n<\/div>\n\n\n\n<div class=\"wp-block-column has-theme-palette-1-color has-text-color has-link-color wp-elements-e38afd83c76948e649cf35cfc9e04345 is-layout-flow wp-block-column-is-layout-flow\">\n<figure class=\"wp-block-image size-full\"><img decoding=\"async\" width=\"1600\" height=\"617\" src=\"https:\/\/franciscoordonez.net\/wp-content\/uploads\/2026\/03\/Web-portafolio-08.jpg\" alt=\"\" class=\"wp-image-222\"\/><\/figure>\n\n\n\n<h3 class=\"wp-block-heading has-text-align-center\">Humano Narrativo<\/h3>\n\n\n\n<p class=\"has-text-align-center\">Comunicaci\u00f3n cultural, podcast y sesiones en vivo.<\/p>\n<\/div>\n<\/div>\n\n\n\n<hr class=\"wp-block-separator has-css-opacity is-style-wide\" style=\"margin-top:var(--wp--preset--spacing--70);margin-bottom:var(--wp--preset--spacing--70)\"\/>\n\n\n\n<div class=\"wp-block-columns has-theme-palette-1-color has-text-color has-link-color wp-elements-300e1768a8e946f1faa16178563ca8fb is-layout-flex wp-container-core-columns-is-layout-481dce7e wp-block-columns-is-layout-flex\" style=\"border-style:none;border-width:0px;border-top-left-radius:0px;border-top-right-radius:0px;border-bottom-left-radius:0px;border-bottom-right-radius:0px;margin-top:0;margin-bottom:0;padding-top:var(--wp--preset--spacing--60);padding-right:0;padding-bottom:var(--wp--preset--spacing--60);padding-left:0\">\n<div class=\"wp-block-column has-theme-palette-1-color has-text-color has-link-color wp-elements-f393bfb109046740c6e4b02822df3f07 is-layout-flow wp-block-column-is-layout-flow\">\n<span class=\"material-symbols-outlined\" style=\"font-size:150px;\">perm_phone_msg<\/span>\n<\/div>\n\n\n\n<div class=\"wp-block-column has-theme-palette-1-color has-text-color has-link-color wp-elements-5bbcb66a59951752fe104a06a1fae1c8 is-layout-flow wp-block-column-is-layout-flow\">\n<h3 class=\"wp-block-heading has-text-align-left has-theme-palette-1-color has-text-color has-link-color has-larger-font-size wp-elements-6bde6e26af8c5910fa22d0e7d522ca01\">Trabajemos juntos<\/h3>\n\n\n\n<p class=\"has-text-align-left\">Si tienes un <strong>proyecto cultural, audiovisual o creativo<\/strong>, podemos construir una narrativa visual que conecte con tu comunidad.<\/p>\n<\/div>\n<\/div>\n\n\n\n<div class=\"wp-block-columns is-layout-flex wp-container-core-columns-is-layout-604620cf wp-block-columns-is-layout-flex\" style=\"border-style:none;border-width:0px;border-top-left-radius:0px;border-top-right-radius:0px;border-bottom-left-radius:0px;border-bottom-right-radius:0px;margin-top:0;margin-bottom:0;padding-top:var(--wp--preset--spacing--30);padding-right:0;padding-bottom:var(--wp--preset--spacing--30);padding-left:0\">\n<div class=\"wp-block-column is-layout-flow wp-block-column-is-layout-flow\"><\/div>\n\n\n\n<div class=\"wp-block-column is-layout-flow wp-block-column-is-layout-flow\"><\/div>\n\n\n\n<div class=\"wp-block-column is-layout-flow wp-block-column-is-layout-flow\">\n<div class=\"wp-block-buttons is-content-justification-right is-layout-flex wp-container-core-buttons-is-layout-765c4724 wp-block-buttons-is-layout-flex\">\n<div class=\"wp-block-button has-custom-width wp-block-button__width-50 is-style-fill\"><a class=\"wp-block-button__link wp-element-button\" href=\"https:\/\/franciscoordonez.net\/index.php\/contacto\/\">Contactar<\/a><\/div>\n<\/div>\n<\/div>\n<\/div>\n\n\n\n<hr class=\"wp-block-separator has-text-color has-theme-palette-10-color has-alpha-channel-opacity has-theme-palette-10-background-color has-background is-style-dots\" style=\"margin-top:var(--wp--preset--spacing--60);margin-bottom:var(--wp--preset--spacing--60)\"\/>\n","protected":false},"excerpt":{"rendered":"<p>Biograf\u00eda Soy comunicador y dise\u00f1ador multimedia enfocado en narrativa audiovisual y comunicaci\u00f3n cultural. Mi trabajo se sit\u00faa en la intersecci\u00f3n entre cine, dise\u00f1o y storytelling, explorando c\u00f3mo las historias locales pueden transformarse en contenidos visuales que conecten cultura, territorio y comunidad. Estudi\u00e9 Comunicaci\u00f3n en la Universidad de Cuenca, donde fui reconocido con el Premio Benigno&#8230;<\/p>\n","protected":false},"author":1,"featured_media":0,"parent":0,"menu_order":0,"comment_status":"closed","ping_status":"closed","template":"","meta":{"_kadence_starter_templates_imported_post":false,"_kad_post_transparent":"","_kad_post_title":"","_kad_post_layout":"","_kad_post_sidebar_id":"","_kad_post_content_style":"","_kad_post_vertical_padding":"","_kad_post_feature":"","_kad_post_feature_position":"","_kad_post_header":false,"_kad_post_footer":false,"_kad_post_classname":"","footnotes":""},"class_list":["post-14","page","type-page","status-publish","hentry"],"_links":{"self":[{"href":"https:\/\/franciscoordonez.net\/index.php\/wp-json\/wp\/v2\/pages\/14","targetHints":{"allow":["GET"]}}],"collection":[{"href":"https:\/\/franciscoordonez.net\/index.php\/wp-json\/wp\/v2\/pages"}],"about":[{"href":"https:\/\/franciscoordonez.net\/index.php\/wp-json\/wp\/v2\/types\/page"}],"author":[{"embeddable":true,"href":"https:\/\/franciscoordonez.net\/index.php\/wp-json\/wp\/v2\/users\/1"}],"replies":[{"embeddable":true,"href":"https:\/\/franciscoordonez.net\/index.php\/wp-json\/wp\/v2\/comments?post=14"}],"version-history":[{"count":25,"href":"https:\/\/franciscoordonez.net\/index.php\/wp-json\/wp\/v2\/pages\/14\/revisions"}],"predecessor-version":[{"id":498,"href":"https:\/\/franciscoordonez.net\/index.php\/wp-json\/wp\/v2\/pages\/14\/revisions\/498"}],"wp:attachment":[{"href":"https:\/\/franciscoordonez.net\/index.php\/wp-json\/wp\/v2\/media?parent=14"}],"curies":[{"name":"wp","href":"https:\/\/api.w.org\/{rel}","templated":true}]}}