{"id":12,"date":"2026-03-14T20:58:13","date_gmt":"2026-03-15T01:58:13","guid":{"rendered":"https:\/\/franciscoordonez.net\/?page_id=12"},"modified":"2026-03-16T13:01:33","modified_gmt":"2026-03-16T18:01:33","slug":"proyectos","status":"publish","type":"page","link":"https:\/\/franciscoordonez.net\/index.php\/proyectos\/","title":{"rendered":"Proyectos"},"content":{"rendered":"\n<div class=\"wp-block-columns has-theme-palette-1-color has-text-color has-link-color wp-elements-a1e74aef9f1adb0302af8cedb1f5d6f7 is-layout-flex wp-container-core-columns-is-layout-1f1a29d2 wp-block-columns-is-layout-flex\" style=\"border-style:none;border-width:0px;border-top-left-radius:0px;border-top-right-radius:0px;border-bottom-left-radius:0px;border-bottom-right-radius:0px;margin-top:0;margin-bottom:0;padding-top:var(--wp--preset--spacing--40);padding-right:0;padding-bottom:var(--wp--preset--spacing--40);padding-left:0\">\n<div class=\"wp-block-column has-theme-palette-1-color has-text-color has-link-color wp-elements-4684900631d6e3079f5f50a3dead9481 is-layout-flow wp-block-column-is-layout-flow\">\n<h3 class=\"wp-block-heading has-text-align-left has-theme-palette-1-color has-text-color has-link-color has-larger-font-size wp-elements-e1dd5ffe45d06ae057b37430d9f77345\">Proyectos <\/h3>\n\n\n\n<p class=\"has-text-align-left\">Proyectos seleccionados de comunicaci\u00f3n cultural, narrativa audiovisual y producci\u00f3n multimedia.<\/p>\n<\/div>\n\n\n\n<div class=\"wp-block-column has-theme-palette-1-color has-text-color has-link-color wp-elements-127e3750c55068c34ab64751074951df is-layout-flow wp-block-column-is-layout-flow\">\n<span class=\"material-symbols-outlined\">\nemoji_objects\n<\/span>\n<\/div>\n<\/div>\n\n\n\n<div class=\"wp-block-columns is-layout-flex wp-container-core-columns-is-layout-604620cf wp-block-columns-is-layout-flex\" style=\"border-style:none;border-width:0px;border-top-left-radius:0px;border-top-right-radius:0px;border-bottom-left-radius:0px;border-bottom-right-radius:0px;margin-top:0;margin-bottom:0;padding-top:var(--wp--preset--spacing--30);padding-right:0;padding-bottom:var(--wp--preset--spacing--30);padding-left:0\">\n<div class=\"wp-block-column has-border-color has-theme-palette-9-background-color has-background is-layout-flow wp-block-column-is-layout-flow\" style=\"border-color:var(--global-palette9);border-width:11px;border-top-left-radius:22px;border-top-right-radius:22px;border-bottom-left-radius:22px;border-bottom-right-radius:22px;padding-top:var(--wp--preset--spacing--30);padding-right:var(--wp--preset--spacing--40);padding-bottom:var(--wp--preset--spacing--30);padding-left:var(--wp--preset--spacing--40)\">\n<figure class=\"wp-block-image size-full has-custom-border is-style-default hover-zoom project-image\"><a href=\"https:\/\/franciscoordonez.net\/index.php\/proyectos\/humano-narrativo\/\"><img decoding=\"async\" width=\"1600\" height=\"900\" src=\"https:\/\/franciscoordonez.net\/wp-content\/uploads\/2026\/03\/hunah.jpg\" alt=\"\" class=\"has-border-color wp-image-75\" style=\"border-color:var(--global-palette9);border-top-left-radius:22px;border-top-right-radius:22px;border-bottom-left-radius:22px;border-bottom-right-radius:22px\"\/><\/a><\/figure>\n\n\n\n<h3 class=\"wp-block-heading titulo-link has-theme-palette-1-color has-text-color has-link-color wp-elements-443a13983ffc6b86b2135ca816399436\"><a href=\"https:\/\/franciscoordonez.net\/index.php\/proyectos\/humano-narrativo\/\" data-type=\"page\" data-id=\"262\">Humano Narrativo<\/a><\/h3>\n\n\n\n<p class=\"has-theme-palette-11-color has-text-color has-link-color wp-elements-bdb81971b86fdb2aca8f52ada85adc48\">Comunicaci\u00f3n Cultural<\/p>\n\n\n\n<p class=\"has-theme-palette-1-color has-text-color has-link-color wp-elements-df8fc6e7da3c818fceeaad83002bb3a8\">Comunicaci\u00f3n cultural y sesiones en vivo.<\/p>\n<\/div>\n\n\n\n<div class=\"wp-block-column has-border-color has-theme-palette-9-background-color has-background is-layout-flow wp-block-column-is-layout-flow\" style=\"border-color:var(--global-palette9);border-width:11px;border-top-left-radius:22px;border-top-right-radius:22px;border-bottom-left-radius:22px;border-bottom-right-radius:22px;padding-top:var(--wp--preset--spacing--30);padding-right:var(--wp--preset--spacing--40);padding-bottom:var(--wp--preset--spacing--30);padding-left:var(--wp--preset--spacing--40)\">\n<figure class=\"wp-block-image size-full has-custom-border is-style-default hover-zoom project-image\"><a href=\"https:\/\/franciscoordonez.net\/index.php\/festival-epicentro-cultural\/\"><img decoding=\"async\" width=\"1600\" height=\"900\" src=\"https:\/\/franciscoordonez.net\/wp-content\/uploads\/2026\/03\/iifech.jpg\" alt=\"\" class=\"has-border-color wp-image-76\" style=\"border-color:var(--global-palette9);border-top-left-radius:22px;border-top-right-radius:22px;border-bottom-left-radius:22px;border-bottom-right-radius:22px\"\/><\/a><\/figure>\n\n\n\n<h3 class=\"wp-block-heading titulo-link has-theme-palette-1-color has-text-color has-link-color wp-elements-90572f467bad43eaadbde56ac4e773ff\"><a href=\"https:\/\/franciscoordonez.net\/index.php\/festival-epicentro-cultural\/\" data-type=\"page\" data-id=\"296\">Festival Epicentro Cultural<\/a><\/h3>\n\n\n\n<p class=\"has-theme-palette-11-color has-text-color has-link-color wp-elements-bdb81971b86fdb2aca8f52ada85adc48\">Comunicaci\u00f3n Cultural<\/p>\n\n\n\n<p class=\"has-theme-palette-1-color has-text-color has-link-color wp-elements-b861e0b90ff65f4c0eadffe8f351e951\">Comunicaci\u00f3n y audiovisual para festival cultural.<\/p>\n<\/div>\n\n\n\n<div class=\"wp-block-column has-border-color has-theme-palette-9-background-color has-background is-layout-flow wp-block-column-is-layout-flow\" style=\"border-color:var(--global-palette9);border-width:11px;border-top-left-radius:22px;border-top-right-radius:22px;border-bottom-left-radius:22px;border-bottom-right-radius:22px;padding-top:var(--wp--preset--spacing--30);padding-right:var(--wp--preset--spacing--40);padding-bottom:var(--wp--preset--spacing--30);padding-left:var(--wp--preset--spacing--40)\">\n<figure class=\"wp-block-image size-full has-custom-border is-style-default hover-zoom project-image\"><a href=\"https:\/\/franciscoordonez.net\/index.php\/proyectos\/mover-u\/\"><img decoding=\"async\" width=\"1600\" height=\"900\" src=\"https:\/\/franciscoordonez.net\/wp-content\/uploads\/2026\/03\/moveruh.jpg\" alt=\"\" class=\"has-border-color wp-image-77\" style=\"border-color:var(--global-palette9);border-top-left-radius:22px;border-top-right-radius:22px;border-bottom-left-radius:22px;border-bottom-right-radius:22px\"\/><\/a><\/figure>\n\n\n\n<h3 class=\"wp-block-heading titulo-link has-theme-palette-1-color has-text-color has-link-color wp-elements-0786a932edd3c3d4f6a8161d28eb5863\"><a href=\"https:\/\/franciscoordonez.net\/index.php\/proyectos\/mover-u\/\" data-type=\"page\" data-id=\"370\">MOVER-U<\/a><\/h3>\n\n\n\n<p class=\"has-theme-palette-11-color has-text-color has-link-color wp-elements-bdb81971b86fdb2aca8f52ada85adc48\">Comunicaci\u00f3n Cultural<\/p>\n\n\n\n<p class=\"has-theme-palette-1-color has-text-color has-link-color wp-elements-60162cab05c24451be62be5f2daf1b08\">Comunicaci\u00f3n y dise\u00f1o para movilidad sostenible.<\/p>\n<\/div>\n<\/div>\n\n\n\n<div class=\"wp-block-columns is-layout-flex wp-container-core-columns-is-layout-604620cf wp-block-columns-is-layout-flex\" style=\"border-style:none;border-width:0px;border-top-left-radius:0px;border-top-right-radius:0px;border-bottom-left-radius:0px;border-bottom-right-radius:0px;margin-top:0;margin-bottom:0;padding-top:var(--wp--preset--spacing--30);padding-right:0;padding-bottom:var(--wp--preset--spacing--30);padding-left:0\">\n<div class=\"wp-block-column has-border-color has-theme-palette-9-background-color has-background is-layout-flow wp-block-column-is-layout-flow\" style=\"border-color:var(--global-palette9);border-width:11px;border-top-left-radius:22px;border-top-right-radius:22px;border-bottom-left-radius:22px;border-bottom-right-radius:22px;padding-top:var(--wp--preset--spacing--30);padding-right:var(--wp--preset--spacing--40);padding-bottom:var(--wp--preset--spacing--30);padding-left:var(--wp--preset--spacing--40)\">\n<figure class=\"wp-block-image size-full has-custom-border is-style-default hover-zoom project-image\"><a href=\"https:\/\/franciscoordonez.net\/index.php\/proyectos\/documental-vida\/\"><img decoding=\"async\" width=\"1600\" height=\"900\" src=\"https:\/\/franciscoordonez.net\/wp-content\/uploads\/2026\/03\/vidah.jpg\" alt=\"\" class=\"has-border-color wp-image-78\" style=\"border-color:var(--global-palette9);border-top-left-radius:22px;border-top-right-radius:22px;border-bottom-left-radius:22px;border-bottom-right-radius:22px\"\/><\/a><\/figure>\n\n\n\n<h3 class=\"wp-block-heading titulo-link has-theme-palette-1-color has-text-color has-link-color wp-elements-c2415ce3fd84b677430f64d66ffdf34b\"><a href=\"https:\/\/franciscoordonez.net\/index.php\/proyectos\/documental-vida\/\" data-type=\"page\" data-id=\"406\">Documental \u00abVIDA\u00bb<\/a><\/h3>\n\n\n\n<p class=\"has-theme-palette-11-color has-text-color has-link-color wp-elements-49ea1cbcd4ca661a69eeed0fe58e7d0a\">Documental<\/p>\n\n\n\n<p class=\"has-theme-palette-1-color has-text-color has-link-color wp-elements-9a05d09f9f12761933e5ab49ac0f07d3\">Documental sobre resiliencia humana en Gal\u00e1pagos.<\/p>\n<\/div>\n\n\n\n<div class=\"wp-block-column has-border-color has-theme-palette-9-background-color has-background is-layout-flow wp-block-column-is-layout-flow\" style=\"border-color:var(--global-palette9);border-width:11px;border-top-left-radius:22px;border-top-right-radius:22px;border-bottom-left-radius:22px;border-bottom-right-radius:22px;padding-top:var(--wp--preset--spacing--30);padding-right:var(--wp--preset--spacing--40);padding-bottom:var(--wp--preset--spacing--30);padding-left:var(--wp--preset--spacing--40)\">\n<figure class=\"wp-block-image size-full has-custom-border is-style-default hover-zoom project-image\"><a href=\"https:\/\/franciscoordonez.net\/index.php\/proyectos\/soy-yo\/\"><img decoding=\"async\" width=\"1600\" height=\"900\" src=\"https:\/\/franciscoordonez.net\/wp-content\/uploads\/2026\/03\/Web-portafolio-11.jpg\" alt=\"\" class=\"has-border-color wp-image-242\" style=\"border-color:var(--global-palette9);border-top-left-radius:22px;border-top-right-radius:22px;border-bottom-left-radius:22px;border-bottom-right-radius:22px\"\/><\/a><\/figure>\n\n\n\n<h3 class=\"wp-block-heading titulo-link has-theme-palette-1-color has-text-color has-link-color wp-elements-28cd7c66ceffac5708c9e0093ffda033\"><a href=\"https:\/\/franciscoordonez.net\/index.php\/proyectos\/soy-yo\/\" data-type=\"page\" data-id=\"503\">Animaci\u00f3n \u00abSoy yo\u00bb<\/a><\/h3>\n\n\n\n<p class=\"has-theme-palette-11-color has-text-color has-link-color wp-elements-b3e64d660874929adbbced85089e8013\">Animaci\u00f3n<\/p>\n\n\n\n<p class=\"has-theme-palette-1-color has-text-color has-link-color wp-elements-a0e7efab60c7dff420b33b36cb60254c\">Animaci\u00f3n experimental en collage que explora mi forma personal de percibir y narrar el mundo.<\/p>\n<\/div>\n\n\n\n<div class=\"wp-block-column has-border-color has-theme-palette-9-background-color has-background is-layout-flow wp-block-column-is-layout-flow\" style=\"border-color:var(--global-palette9);border-width:11px;border-top-left-radius:22px;border-top-right-radius:22px;border-bottom-left-radius:22px;border-bottom-right-radius:22px;padding-top:var(--wp--preset--spacing--30);padding-right:var(--wp--preset--spacing--40);padding-bottom:var(--wp--preset--spacing--30);padding-left:var(--wp--preset--spacing--40)\">\n<figure class=\"wp-block-image size-full has-custom-border is-style-default hover-zoom project-image\"><a href=\"https:\/\/franciscoordonez.net\/index.php\/tejiendo-patrimonios\/\"><img decoding=\"async\" width=\"1600\" height=\"900\" src=\"https:\/\/franciscoordonez.net\/wp-content\/uploads\/2026\/03\/Web-portafolio.jpg\" alt=\"\" class=\"has-border-color wp-image-251\" style=\"border-color:var(--global-palette9);border-top-left-radius:22px;border-top-right-radius:22px;border-bottom-left-radius:22px;border-bottom-right-radius:22px\"\/><\/a><\/figure>\n\n\n\n<h3 class=\"wp-block-heading titulo-link has-theme-palette-1-color has-text-color has-link-color wp-elements-e49dc186819aead207a6787b6d5d8e1c\"><a href=\"https:\/\/franciscoordonez.net\/index.php\/tejiendo-patrimonios\/\" data-type=\"page\" data-id=\"542\">Tejiendo Patrimonios<\/a><\/h3>\n\n\n\n<p class=\"has-theme-palette-11-color has-text-color has-link-color wp-elements-bdb81971b86fdb2aca8f52ada85adc48\">Comunicaci\u00f3n Cultural<\/p>\n\n\n\n<p class=\"has-theme-palette-1-color has-text-color has-link-color wp-elements-c9a08e2dd07b4b7d4cda75404451ccaa\">Encuentro cultural que promueve la valoraci\u00f3n del patrimonio natural, material e inmaterial en Cuenca.<\/p>\n<\/div>\n<\/div>\n\n\n\n<div class=\"wp-block-columns is-layout-flex wp-container-core-columns-is-layout-604620cf wp-block-columns-is-layout-flex\" style=\"border-style:none;border-width:0px;border-top-left-radius:0px;border-top-right-radius:0px;border-bottom-left-radius:0px;border-bottom-right-radius:0px;margin-top:0;margin-bottom:0;padding-top:var(--wp--preset--spacing--30);padding-right:0;padding-bottom:var(--wp--preset--spacing--30);padding-left:0\">\n<div class=\"wp-block-column has-border-color has-theme-palette-9-background-color has-background is-layout-flow wp-block-column-is-layout-flow\" style=\"border-color:var(--global-palette9);border-width:11px;border-top-left-radius:22px;border-top-right-radius:22px;border-bottom-left-radius:22px;border-bottom-right-radius:22px;padding-top:var(--wp--preset--spacing--30);padding-right:var(--wp--preset--spacing--40);padding-bottom:var(--wp--preset--spacing--30);padding-left:var(--wp--preset--spacing--40)\">\n<figure class=\"wp-block-image size-full has-custom-border is-style-default hover-zoom project-image\"><a href=\"https:\/\/franciscoordonez.net\/index.php\/bien-de-sal\/\"><img decoding=\"async\" width=\"1600\" height=\"900\" src=\"https:\/\/franciscoordonez.net\/wp-content\/uploads\/2026\/03\/Web-portafolio-16.jpg\" alt=\"\" class=\"has-border-color wp-image-244\" style=\"border-color:var(--global-palette9);border-top-left-radius:22px;border-top-right-radius:22px;border-bottom-left-radius:22px;border-bottom-right-radius:22px\"\/><\/a><\/figure>\n\n\n\n<h3 class=\"wp-block-heading titulo-link has-theme-palette-1-color has-text-color has-link-color wp-elements-6c1db2dd623be888d9d29c4cdf977302\"><a href=\"https:\/\/franciscoordonez.net\/index.php\/bien-de-sal\/\" data-type=\"page\" data-id=\"529\">Corto \u00abBien de Sal\u00bb<\/a><\/h3>\n\n\n\n<p class=\"has-theme-palette-11-color has-text-color has-link-color wp-elements-24eab91398d32b3cb8e2e8ad77a93799\">Cortometraje<\/p>\n\n\n\n<p class=\"has-theme-palette-1-color has-text-color has-link-color wp-elements-23972b86e23607732fe8e916afcef9fd\">emociones y memoria a trav\u00e9s de una narrativa \u00edntima.<br>Segundo lugar en el Festival de Cine <strong>La Fanesca<\/strong> (UDLA).<\/p>\n<\/div>\n\n\n\n<div class=\"wp-block-column is-layout-flow wp-block-column-is-layout-flow\" style=\"padding-right:var(--wp--preset--spacing--70);padding-left:var(--wp--preset--spacing--70)\"><\/div>\n\n\n\n<div class=\"wp-block-column is-layout-flow wp-block-column-is-layout-flow\"><\/div>\n<\/div>\n\n\n\n\n\n<hr class=\"wp-block-separator has-css-opacity is-style-wide\" style=\"margin-top:var(--wp--preset--spacing--70);margin-bottom:var(--wp--preset--spacing--70)\"\/>\n\n\n\n<div class=\"wp-block-columns has-theme-palette-1-color has-text-color has-link-color wp-elements-de78ff89f493cc5f4458637ca4ed7c38 is-layout-flex wp-container-core-columns-is-layout-604620cf wp-block-columns-is-layout-flex\" style=\"border-style:none;border-width:0px;border-top-left-radius:0px;border-top-right-radius:0px;border-bottom-left-radius:0px;border-bottom-right-radius:0px;margin-top:0;margin-bottom:0;padding-top:var(--wp--preset--spacing--30);padding-right:0;padding-bottom:var(--wp--preset--spacing--30);padding-left:0\">\n<div class=\"wp-block-column has-theme-palette-1-color has-text-color has-link-color wp-elements-f393bfb109046740c6e4b02822df3f07 is-layout-flow wp-block-column-is-layout-flow\">\n<span class=\"material-symbols-outlined\" style=\"font-size:150px;\">perm_phone_msg<\/span>\n<\/div>\n\n\n\n<div class=\"wp-block-column has-theme-palette-1-color has-text-color has-link-color wp-elements-5bbcb66a59951752fe104a06a1fae1c8 is-layout-flow wp-block-column-is-layout-flow\">\n<h3 class=\"wp-block-heading has-text-align-left has-theme-palette-1-color has-text-color has-link-color has-larger-font-size wp-elements-6bde6e26af8c5910fa22d0e7d522ca01\">Trabajemos juntos<\/h3>\n\n\n\n<p class=\"has-text-align-left\">Si tienes un <strong>proyecto cultural, audiovisual o creativo<\/strong>, podemos construir una narrativa visual que conecte con tu comunidad.<\/p>\n<\/div>\n<\/div>\n\n\n\n<div class=\"wp-block-columns is-layout-flex wp-container-core-columns-is-layout-604620cf wp-block-columns-is-layout-flex\" style=\"border-style:none;border-width:0px;border-top-left-radius:0px;border-top-right-radius:0px;border-bottom-left-radius:0px;border-bottom-right-radius:0px;margin-top:0;margin-bottom:0;padding-top:var(--wp--preset--spacing--30);padding-right:0;padding-bottom:var(--wp--preset--spacing--30);padding-left:0\">\n<div class=\"wp-block-column is-layout-flow wp-block-column-is-layout-flow\"><\/div>\n\n\n\n<div class=\"wp-block-column is-layout-flow wp-block-column-is-layout-flow\"><\/div>\n\n\n\n<div class=\"wp-block-column is-layout-flow wp-block-column-is-layout-flow\">\n<div class=\"wp-block-buttons is-content-justification-right is-layout-flex wp-container-core-buttons-is-layout-765c4724 wp-block-buttons-is-layout-flex\">\n<div class=\"wp-block-button has-custom-width wp-block-button__width-50 is-style-fill\"><a class=\"wp-block-button__link wp-element-button\" href=\"https:\/\/franciscoordonez.net\/index.php\/contacto\/\">Contactar<\/a><\/div>\n<\/div>\n<\/div>\n<\/div>\n\n\n\n<hr class=\"wp-block-separator has-text-color has-theme-palette-10-color has-alpha-channel-opacity has-theme-palette-10-background-color has-background\" style=\"margin-top:var(--wp--preset--spacing--60);margin-bottom:var(--wp--preset--spacing--60)\"\/>\n","protected":false},"excerpt":{"rendered":"<p>Proyectos Proyectos seleccionados de comunicaci\u00f3n cultural, narrativa audiovisual y producci\u00f3n multimedia. emoji_objects Humano Narrativo Comunicaci\u00f3n Cultural Comunicaci\u00f3n cultural y sesiones en vivo. Festival Epicentro Cultural Comunicaci\u00f3n Cultural Comunicaci\u00f3n y audiovisual para festival cultural. MOVER-U Comunicaci\u00f3n Cultural Comunicaci\u00f3n y dise\u00f1o para movilidad sostenible. Documental \u00abVIDA\u00bb Documental Documental sobre resiliencia humana en Gal\u00e1pagos. Animaci\u00f3n \u00abSoy yo\u00bb Animaci\u00f3n&#8230;<\/p>\n","protected":false},"author":1,"featured_media":0,"parent":0,"menu_order":0,"comment_status":"closed","ping_status":"closed","template":"","meta":{"_kadence_starter_templates_imported_post":false,"_kad_post_transparent":"","_kad_post_title":"","_kad_post_layout":"","_kad_post_sidebar_id":"","_kad_post_content_style":"","_kad_post_vertical_padding":"","_kad_post_feature":"","_kad_post_feature_position":"","_kad_post_header":false,"_kad_post_footer":false,"_kad_post_classname":"","footnotes":""},"class_list":["post-12","page","type-page","status-publish","hentry"],"_links":{"self":[{"href":"https:\/\/franciscoordonez.net\/index.php\/wp-json\/wp\/v2\/pages\/12","targetHints":{"allow":["GET"]}}],"collection":[{"href":"https:\/\/franciscoordonez.net\/index.php\/wp-json\/wp\/v2\/pages"}],"about":[{"href":"https:\/\/franciscoordonez.net\/index.php\/wp-json\/wp\/v2\/types\/page"}],"author":[{"embeddable":true,"href":"https:\/\/franciscoordonez.net\/index.php\/wp-json\/wp\/v2\/users\/1"}],"replies":[{"embeddable":true,"href":"https:\/\/franciscoordonez.net\/index.php\/wp-json\/wp\/v2\/comments?post=12"}],"version-history":[{"count":34,"href":"https:\/\/franciscoordonez.net\/index.php\/wp-json\/wp\/v2\/pages\/12\/revisions"}],"predecessor-version":[{"id":565,"href":"https:\/\/franciscoordonez.net\/index.php\/wp-json\/wp\/v2\/pages\/12\/revisions\/565"}],"wp:attachment":[{"href":"https:\/\/franciscoordonez.net\/index.php\/wp-json\/wp\/v2\/media?parent=12"}],"curies":[{"name":"wp","href":"https:\/\/api.w.org\/{rel}","templated":true}]}}